{"id":929,"date":"2025-07-27T12:00:46","date_gmt":"2025-07-27T10:00:46","guid":{"rendered":"http:\/\/www.kirche-neustadt.de\/?page_id=929"},"modified":"2026-04-02T09:32:00","modified_gmt":"2026-04-02T07:32:00","slug":"zum-herunterladen-kirchennachrichten","status":"publish","type":"page","link":"https:\/\/www.kirche-neustadt.de\/?page_id=929","title":{"rendered":"Kirchennachrichten"},"content":{"rendered":"\n<h2 class=\"wp-block-heading has-text-align-center\">April &#8211; Mai 2026<\/h2>\n\n\n<div class=\"wp-block-image\">\n<figure class=\"aligncenter size-large is-resized\"><a href=\"https:\/\/www.kirche-neustadt.de\/wp-content\/uploads\/2026\/04\/26_003-KiNa-_-April-_-Mai-2026_x.pdf\" rel=\"https:\/\/www.kirche-neustadt.de\/wp-content\/uploads\/2025\/11\/25_11_22-KiNa-_-Dez-_-Jan.pdf\"><img loading=\"lazy\" decoding=\"async\" width=\"797\" height=\"1024\" src=\"https:\/\/www.kirche-neustadt.de\/wp-content\/uploads\/2026\/03\/26_003-KiNa-_-April-_-Mai-2026-Deckblatt-797x1024.jpg\" alt=\"\" class=\"wp-image-6861\" style=\"aspect-ratio:0.7051133368476542;width:389px;height:auto\" srcset=\"https:\/\/www.kirche-neustadt.de\/wp-content\/uploads\/2026\/03\/26_003-KiNa-_-April-_-Mai-2026-Deckblatt-797x1024.jpg 797w, https:\/\/www.kirche-neustadt.de\/wp-content\/uploads\/2026\/03\/26_003-KiNa-_-April-_-Mai-2026-Deckblatt-233x300.jpg 233w, https:\/\/www.kirche-neustadt.de\/wp-content\/uploads\/2026\/03\/26_003-KiNa-_-April-_-Mai-2026-Deckblatt-768x987.jpg 768w, https:\/\/www.kirche-neustadt.de\/wp-content\/uploads\/2026\/03\/26_003-KiNa-_-April-_-Mai-2026-Deckblatt-1195x1536.jpg 1195w, https:\/\/www.kirche-neustadt.de\/wp-content\/uploads\/2026\/03\/26_003-KiNa-_-April-_-Mai-2026-Deckblatt-624x802.jpg 624w, https:\/\/www.kirche-neustadt.de\/wp-content\/uploads\/2026\/03\/26_003-KiNa-_-April-_-Mai-2026-Deckblatt.jpg 1241w\" sizes=\"auto, (max-width: 797px) 100vw, 797px\" \/><\/a><\/figure>\n<\/div>\n\n\n<h2 class=\"wp-block-heading has-text-align-center\"><strong><strong><strong>Februar &#8211; M\u00e4rz 2026<\/strong><\/strong><\/strong><\/h2>\n\n\n<div class=\"wp-block-image\">\n<figure class=\"aligncenter size-large is-resized\"><a href=\"https:\/\/www.kirche-neustadt.de\/wp-content\/uploads\/2026\/01\/26_01-KiNa-_-Feb-_-Maerz-_-Web.pdf\" rel=\"https:\/\/www.kirche-neustadt.de\/wp-content\/uploads\/2025\/11\/25_11_22-KiNa-_-Dez-_-Jan.pdf\"><img loading=\"lazy\" decoding=\"async\" width=\"797\" height=\"1024\" src=\"https:\/\/www.kirche-neustadt.de\/wp-content\/uploads\/2026\/01\/26_01-KiNa-_-Feb-_-Maerz-_-Web-3-797x1024.jpg\" alt=\"\" class=\"wp-image-6834\" style=\"aspect-ratio:0.7051133368476542;width:389px;height:auto\" srcset=\"https:\/\/www.kirche-neustadt.de\/wp-content\/uploads\/2026\/01\/26_01-KiNa-_-Feb-_-Maerz-_-Web-3-797x1024.jpg 797w, https:\/\/www.kirche-neustadt.de\/wp-content\/uploads\/2026\/01\/26_01-KiNa-_-Feb-_-Maerz-_-Web-3-233x300.jpg 233w, https:\/\/www.kirche-neustadt.de\/wp-content\/uploads\/2026\/01\/26_01-KiNa-_-Feb-_-Maerz-_-Web-3-768x987.jpg 768w, https:\/\/www.kirche-neustadt.de\/wp-content\/uploads\/2026\/01\/26_01-KiNa-_-Feb-_-Maerz-_-Web-3-1195x1536.jpg 1195w, https:\/\/www.kirche-neustadt.de\/wp-content\/uploads\/2026\/01\/26_01-KiNa-_-Feb-_-Maerz-_-Web-3-624x802.jpg 624w, https:\/\/www.kirche-neustadt.de\/wp-content\/uploads\/2026\/01\/26_01-KiNa-_-Feb-_-Maerz-_-Web-3.jpg 1241w\" sizes=\"auto, (max-width: 797px) 100vw, 797px\" \/><\/a><\/figure>\n<\/div>\n\n\n<h2 class=\"wp-block-heading has-text-align-center\"><strong><strong><strong>Dezember &#8211; Januar 2025<\/strong><\/strong><\/strong><\/h2>\n\n\n<div class=\"wp-block-image\">\n<figure class=\"aligncenter size-large is-resized\"><a href=\"https:\/\/www.kirche-neustadt.de\/wp-content\/uploads\/2025\/11\/25_11_22-KiNa-_-Dez-_-Jan.pdf\" rel=\"https:\/\/www.kirche-neustadt.de\/wp-content\/uploads\/2025\/11\/25_11_22-KiNa-_-Dez-_-Jan.pdf\"><img loading=\"lazy\" decoding=\"async\" width=\"797\" height=\"1024\" src=\"https:\/\/www.kirche-neustadt.de\/wp-content\/uploads\/2025\/11\/25_11_22-KiNa-_-Dez-_-Jan-Deck-797x1024.jpg\" alt=\"\" class=\"wp-image-6817\" style=\"aspect-ratio:0.7051133368476542;width:389px;height:auto\" srcset=\"https:\/\/www.kirche-neustadt.de\/wp-content\/uploads\/2025\/11\/25_11_22-KiNa-_-Dez-_-Jan-Deck-797x1024.jpg 797w, https:\/\/www.kirche-neustadt.de\/wp-content\/uploads\/2025\/11\/25_11_22-KiNa-_-Dez-_-Jan-Deck-233x300.jpg 233w, https:\/\/www.kirche-neustadt.de\/wp-content\/uploads\/2025\/11\/25_11_22-KiNa-_-Dez-_-Jan-Deck-768x987.jpg 768w, https:\/\/www.kirche-neustadt.de\/wp-content\/uploads\/2025\/11\/25_11_22-KiNa-_-Dez-_-Jan-Deck-1195x1536.jpg 1195w, https:\/\/www.kirche-neustadt.de\/wp-content\/uploads\/2025\/11\/25_11_22-KiNa-_-Dez-_-Jan-Deck-624x802.jpg 624w, https:\/\/www.kirche-neustadt.de\/wp-content\/uploads\/2025\/11\/25_11_22-KiNa-_-Dez-_-Jan-Deck.jpg 1241w\" sizes=\"auto, (max-width: 797px) 100vw, 797px\" \/><\/a><\/figure>\n<\/div>\n\n\n<h2 class=\"wp-block-heading has-text-align-center\"><strong><strong>Oktober &#8211; November 2025<\/strong><\/strong><\/h2>\n\n\n<div class=\"wp-block-image\">\n<figure class=\"aligncenter size-large is-resized\"><a href=\"https:\/\/www.kirche-neustadt.de\/wp-content\/uploads\/2025\/10\/25_10-KiNa-_-Okt-Nov-_-Web.pdf\"><img loading=\"lazy\" decoding=\"async\" width=\"797\" height=\"1024\" src=\"https:\/\/www.kirche-neustadt.de\/wp-content\/uploads\/2025\/10\/25_10-KiNa-_-Okt-Nov-_Deckblatt-797x1024.jpg\" alt=\"\" class=\"wp-image-6799\" style=\"aspect-ratio:0.7051133368476542;width:389px;height:auto\" srcset=\"https:\/\/www.kirche-neustadt.de\/wp-content\/uploads\/2025\/10\/25_10-KiNa-_-Okt-Nov-_Deckblatt-797x1024.jpg 797w, https:\/\/www.kirche-neustadt.de\/wp-content\/uploads\/2025\/10\/25_10-KiNa-_-Okt-Nov-_Deckblatt-233x300.jpg 233w, https:\/\/www.kirche-neustadt.de\/wp-content\/uploads\/2025\/10\/25_10-KiNa-_-Okt-Nov-_Deckblatt-768x987.jpg 768w, https:\/\/www.kirche-neustadt.de\/wp-content\/uploads\/2025\/10\/25_10-KiNa-_-Okt-Nov-_Deckblatt-1195x1536.jpg 1195w, https:\/\/www.kirche-neustadt.de\/wp-content\/uploads\/2025\/10\/25_10-KiNa-_-Okt-Nov-_Deckblatt-624x802.jpg 624w, https:\/\/www.kirche-neustadt.de\/wp-content\/uploads\/2025\/10\/25_10-KiNa-_-Okt-Nov-_Deckblatt.jpg 1241w\" sizes=\"auto, (max-width: 797px) 100vw, 797px\" \/><\/a><\/figure>\n<\/div>\n\n\n<h2 class=\"wp-block-heading has-text-align-center\"><strong>August &#8211; September 2025<\/strong><\/h2>\n\n\n<div class=\"wp-block-image\">\n<figure class=\"aligncenter size-large is-resized\"><a href=\"https:\/\/www.kirche-neustadt.de\/wp-content\/uploads\/2025\/07\/KiNa-_-August-_-Web.pdf\"><img decoding=\"async\" src=\"https:\/\/www.kirche-neustadt.de\/wp-content\/uploads\/2025\/07\/Deckblatt-KiNa-_-August-_-Web-2.jpg\" alt=\"\" style=\"aspect-ratio:0.7051133368476542;width:389px;height:auto\"\/><\/a><\/figure>\n<\/div>\n\n\n<p class=\"has-text-align-center has-medium-font-size wp-block-paragraph\"><strong>Juni &#8211; Juli 2025<\/strong><\/p>\n\n\n<div class=\"wp-block-image\">\n<figure class=\"aligncenter size-large is-resized\"><a href=\"https:\/\/www.kirche-neustadt.de\/wp-content\/uploads\/2025\/05\/KiNa-_-Juni-Juli-_-ohne-Fuerbitte.pdf\"><img loading=\"lazy\" decoding=\"async\" width=\"797\" height=\"1024\" src=\"https:\/\/www.kirche-neustadt.de\/wp-content\/uploads\/2025\/05\/KiNa-_-Juni-Juli-_-ohne-Fuerbitte_Seite_01-797x1024.jpg\" alt=\"\" class=\"wp-image-6704\" style=\"aspect-ratio:0.7051133368476542;width:389px;height:auto\" srcset=\"https:\/\/www.kirche-neustadt.de\/wp-content\/uploads\/2025\/05\/KiNa-_-Juni-Juli-_-ohne-Fuerbitte_Seite_01-797x1024.jpg 797w, https:\/\/www.kirche-neustadt.de\/wp-content\/uploads\/2025\/05\/KiNa-_-Juni-Juli-_-ohne-Fuerbitte_Seite_01-233x300.jpg 233w, https:\/\/www.kirche-neustadt.de\/wp-content\/uploads\/2025\/05\/KiNa-_-Juni-Juli-_-ohne-Fuerbitte_Seite_01-768x987.jpg 768w, https:\/\/www.kirche-neustadt.de\/wp-content\/uploads\/2025\/05\/KiNa-_-Juni-Juli-_-ohne-Fuerbitte_Seite_01-1195x1536.jpg 1195w, https:\/\/www.kirche-neustadt.de\/wp-content\/uploads\/2025\/05\/KiNa-_-Juni-Juli-_-ohne-Fuerbitte_Seite_01-624x802.jpg 624w, https:\/\/www.kirche-neustadt.de\/wp-content\/uploads\/2025\/05\/KiNa-_-Juni-Juli-_-ohne-Fuerbitte_Seite_01.jpg 1241w\" sizes=\"auto, (max-width: 797px) 100vw, 797px\" \/><\/a><\/figure>\n<\/div>\n\n\n<p class=\"has-text-align-center has-medium-font-size wp-block-paragraph\"><strong>April- Mai 2025<\/strong><\/p>\n\n\n\n<p class=\"has-text-align-center has-medium-font-size wp-block-paragraph\"><\/p>\n\n\n<div class=\"wp-block-image\">\n<figure class=\"aligncenter size-large is-resized\"><a href=\"https:\/\/www.kirche-neustadt.de\/wp-content\/uploads\/2025\/04\/KiNa-_-April-Mai.pdf\"><img loading=\"lazy\" decoding=\"async\" width=\"796\" height=\"1024\" src=\"https:\/\/www.kirche-neustadt.de\/wp-content\/uploads\/2025\/04\/KiNa-_-April-Mai_kl-1-796x1024.jpg\" alt=\"\" class=\"wp-image-6680\" style=\"aspect-ratio:0.7051133368476542;width:389px;height:auto\" srcset=\"https:\/\/www.kirche-neustadt.de\/wp-content\/uploads\/2025\/04\/KiNa-_-April-Mai_kl-1-796x1024.jpg 796w, https:\/\/www.kirche-neustadt.de\/wp-content\/uploads\/2025\/04\/KiNa-_-April-Mai_kl-1-233x300.jpg 233w, https:\/\/www.kirche-neustadt.de\/wp-content\/uploads\/2025\/04\/KiNa-_-April-Mai_kl-1-768x987.jpg 768w, https:\/\/www.kirche-neustadt.de\/wp-content\/uploads\/2025\/04\/KiNa-_-April-Mai_kl-1-624x802.jpg 624w, https:\/\/www.kirche-neustadt.de\/wp-content\/uploads\/2025\/04\/KiNa-_-April-Mai_kl-1.jpg 875w\" sizes=\"auto, (max-width: 796px) 100vw, 796px\" \/><\/a><\/figure>\n<\/div>\n\n\n<p class=\"has-text-align-center has-medium-font-size wp-block-paragraph\"><\/p>\n\n\n\n<p class=\"has-text-align-center has-medium-font-size wp-block-paragraph\"><strong>Februar &#8211; M\u00e4rz 2025<\/strong><\/p>\n\n\n<div class=\"wp-block-image\">\n<figure class=\"aligncenter size-large is-resized\"><a href=\"https:\/\/www.kirche-neustadt.de\/wp-content\/uploads\/2025\/01\/KiNa_24S_Feb25Maerz25_ZA_web_ohneFuerbitten.pdf\"><img loading=\"lazy\" decoding=\"async\" width=\"722\" height=\"1024\" src=\"https:\/\/www.kirche-neustadt.de\/wp-content\/uploads\/2025\/01\/KiNa_24S_Feb25Maerz25_front_Seite_01-722x1024.jpg\" alt=\"\" class=\"wp-image-6661\" style=\"aspect-ratio:0.7051133368476542;width:389px;height:auto\" srcset=\"https:\/\/www.kirche-neustadt.de\/wp-content\/uploads\/2025\/01\/KiNa_24S_Feb25Maerz25_front_Seite_01-722x1024.jpg 722w, https:\/\/www.kirche-neustadt.de\/wp-content\/uploads\/2025\/01\/KiNa_24S_Feb25Maerz25_front_Seite_01-212x300.jpg 212w, https:\/\/www.kirche-neustadt.de\/wp-content\/uploads\/2025\/01\/KiNa_24S_Feb25Maerz25_front_Seite_01-768x1089.jpg 768w, https:\/\/www.kirche-neustadt.de\/wp-content\/uploads\/2025\/01\/KiNa_24S_Feb25Maerz25_front_Seite_01-624x885.jpg 624w, https:\/\/www.kirche-neustadt.de\/wp-content\/uploads\/2025\/01\/KiNa_24S_Feb25Maerz25_front_Seite_01.jpg 875w\" sizes=\"auto, (max-width: 722px) 100vw, 722px\" \/><\/a><\/figure>\n<\/div>\n\n\n<div class=\"wp-block-buttons is-content-justification-center is-layout-flex wp-container-core-buttons-is-layout-fe48e5de wp-block-buttons-is-layout-flex\">\n<div class=\"wp-block-button\"><a class=\"wp-block-button__link wp-element-button\" href=\"https:\/\/www.kirche-neustadt.de\/wp-content\/uploads\/2025\/01\/KiNa_24S_Feb25Maerz25_ZA_web_ohneFuerbitten.pdf\"><strong>KiNa Februar\/M\u00e4rz 2025<\/strong><\/a><\/div>\n<\/div>\n\n\n\n<p class=\"wp-block-paragraph\"><\/p>\n\n\n\n<p class=\"wp-block-paragraph\"><a href=\"https:\/\/www.kirche-neustadt.de\/wp-content\/uploads\/2021\/05\/KINA_Juni21_web.pdf\" rel=\"noopener\">Den dazu n\u00f6tigen pdf-Reader k\u00f6nnen Sie sich <\/a><a href=\"https:\/\/get.adobe.com\/de\/reader\/\" target=\"_blank\" rel=\"noopener noreferrer\"><strong><u><span style=\"color: #0066cc;\">hier<\/span><\/u><\/strong><u> <\/u><\/a><a href=\"https:\/\/www.kirche-neustadt.de\/wp-content\/uploads\/2021\/05\/KINA_Juni21_web.pdf\" rel=\"noopener\">herunterladen.<\/a><\/p>\n\n\n\n<p class=\"wp-block-paragraph\"><\/p>\n","protected":false},"excerpt":{"rendered":"<p>April &#8211; Mai 2026 Februar &#8211; M\u00e4rz 2026 Dezember &#8211; Januar 2025 Oktober &#8211; November 2025 August &#8211; September 2025 Juni &#8211; Juli 2025 April- Mai 2025 Februar &#8211; M\u00e4rz 2025 Den dazu n\u00f6tigen pdf-Reader k\u00f6nnen Sie sich hier herunterladen.<\/p>\n","protected":false},"author":7,"featured_media":0,"parent":0,"menu_order":0,"comment_status":"closed","ping_status":"closed","template":"","meta":{"_crdt_document":"","footnotes":""},"class_list":["post-929","page","type-page","status-publish","hentry"],"_links":{"self":[{"href":"https:\/\/www.kirche-neustadt.de\/index.php?rest_route=\/wp\/v2\/pages\/929","targetHints":{"allow":["GET"]}}],"collection":[{"href":"https:\/\/www.kirche-neustadt.de\/index.php?rest_route=\/wp\/v2\/pages"}],"about":[{"href":"https:\/\/www.kirche-neustadt.de\/index.php?rest_route=\/wp\/v2\/types\/page"}],"author":[{"embeddable":true,"href":"https:\/\/www.kirche-neustadt.de\/index.php?rest_route=\/wp\/v2\/users\/7"}],"replies":[{"embeddable":true,"href":"https:\/\/www.kirche-neustadt.de\/index.php?rest_route=%2Fwp%2Fv2%2Fcomments&post=929"}],"version-history":[{"count":272,"href":"https:\/\/www.kirche-neustadt.de\/index.php?rest_route=\/wp\/v2\/pages\/929\/revisions"}],"predecessor-version":[{"id":6870,"href":"https:\/\/www.kirche-neustadt.de\/index.php?rest_route=\/wp\/v2\/pages\/929\/revisions\/6870"}],"wp:attachment":[{"href":"https:\/\/www.kirche-neustadt.de\/index.php?rest_route=%2Fwp%2Fv2%2Fmedia&parent=929"}],"curies":[{"name":"wp","href":"https:\/\/api.w.org\/{rel}","templated":true}]}}