{"id":2084,"date":"2016-12-14T09:49:29","date_gmt":"2016-12-14T07:49:29","guid":{"rendered":"http:\/\/www.kirche-neustadt.de\/?page_id=2084"},"modified":"2017-02-21T00:16:11","modified_gmt":"2017-02-20T22:16:11","slug":"kirchgeld","status":"publish","type":"page","link":"https:\/\/www.kirche-neustadt.de\/?page_id=2084","title":{"rendered":"Erinnerung an das Kirchgeld"},"content":{"rendered":"<p>Um die vielf\u00e4ltigen Aufgaben unserer Kirchgemeinde erf\u00fcllen zu k\u00f6nnen, sind wir auf die finanzielle Unterst\u00fctzung unserer Gemeindeglieder angewiesen. Dies geschieht neben Landeskirchensteuer, Spenden und Kollekten auch durch das Kirchgeld. Dieses Kirchgeld kommt 100 %ig der Arbeit unserer Kirchgemeinde zugute und ist mit ca. 30 000 \u20ac eine feste Gr\u00f6\u00dfe im Gemeindehaushalt. Verschwiegen werden soll dabei aber nicht, dass lediglich die H\u00e4lfte unserer Gemeindemitglieder Kirchgeld bezahlt. Bei aktuell 1850 Mitgliedern, die das 16. Lebensjahr vollendet haben und somit kirchgeldpflichtig sind, liegt das Kirchgeld \u2013 Soll bei 55 500 \u20ac, wenn jeder pro Jahr den Mindestbetrag von 30 \u20ac bezahlen w\u00fcrde.<\/p>\n<p>Unser herzlicher Dank gilt allen, die ihr Kirchgeld bezahlen und denen, die die H\u00f6he des Kirchgeldes anhand der ver\u00f6ffentlichten Tabelle ermitteln und bezahlen.<\/p>\n<p>Wir bitten deshalb alle, die ihr Kirchgeld f\u00fcr 2016 noch nicht entrichtet haben, den f\u00fcr sie zutreffenden Betrag bar im Pfarramt oder auf das Kirchgeldkonto zu \u00fcberweisen. Bitte beachten Sie unbedingt unsere <a href=\"https:\/\/www.kirche-neustadt.de\/?page_id=1940\">neue Bankverbindung<\/a>.<\/p>\n<p>Kathrin Haase<\/p>\n<p><strong>!Achtung!-<\/strong> Neue Kontoverbindung: Information finden Sie <a href=\"https:\/\/www.kirche-neustadt.de\/?page_id=1940\" target=\"_blank\">hier<\/a>.<\/p>\n<p>N\u00e4here Informationen zur H\u00f6he finden Sie <a href=\"https:\/\/www.kirche-neustadt.de\/?page_id=2416\" target=\"_blank\">hier<\/a>.<\/p>\n<p>N\u00e4here Informationen zu Kapitalertr\u00e4gen und Kirchensteuer finden Sie <a href=\"https:\/\/www.kirche-neustadt.de\/wp-content\/uploads\/2016\/12\/2014_kapitalertraege_und_kirchensteuer.pdf\" target=\"_blank\">hier.<\/a><\/p>\n","protected":false},"excerpt":{"rendered":"<p>Um die vielf\u00e4ltigen Aufgaben unserer Kirchgemeinde erf\u00fcllen zu k\u00f6nnen, sind wir auf die finanzielle Unterst\u00fctzung unserer Gemeindeglieder angewiesen. Dies geschieht neben Landeskirchensteuer, Spenden und Kollekten auch durch das Kirchgeld. Dieses Kirchgeld kommt 100 %ig der Arbeit unserer Kirchgemeinde zugute und ist mit ca. 30 000 \u20ac eine feste Gr\u00f6\u00dfe im Gemeindehaushalt. Verschwiegen werden soll dabei [&hellip;]<\/p>\n","protected":false},"author":3,"featured_media":0,"parent":1704,"menu_order":0,"comment_status":"closed","ping_status":"closed","template":"","meta":{"_crdt_document":"","footnotes":""},"class_list":["post-2084","page","type-page","status-publish","hentry"],"_links":{"self":[{"href":"https:\/\/www.kirche-neustadt.de\/index.php?rest_route=\/wp\/v2\/pages\/2084","targetHints":{"allow":["GET"]}}],"collection":[{"href":"https:\/\/www.kirche-neustadt.de\/index.php?rest_route=\/wp\/v2\/pages"}],"about":[{"href":"https:\/\/www.kirche-neustadt.de\/index.php?rest_route=\/wp\/v2\/types\/page"}],"author":[{"embeddable":true,"href":"https:\/\/www.kirche-neustadt.de\/index.php?rest_route=\/wp\/v2\/users\/3"}],"replies":[{"embeddable":true,"href":"https:\/\/www.kirche-neustadt.de\/index.php?rest_route=%2Fwp%2Fv2%2Fcomments&post=2084"}],"version-history":[{"count":5,"href":"https:\/\/www.kirche-neustadt.de\/index.php?rest_route=\/wp\/v2\/pages\/2084\/revisions"}],"predecessor-version":[{"id":2420,"href":"https:\/\/www.kirche-neustadt.de\/index.php?rest_route=\/wp\/v2\/pages\/2084\/revisions\/2420"}],"up":[{"embeddable":true,"href":"https:\/\/www.kirche-neustadt.de\/index.php?rest_route=\/wp\/v2\/pages\/1704"}],"wp:attachment":[{"href":"https:\/\/www.kirche-neustadt.de\/index.php?rest_route=%2Fwp%2Fv2%2Fmedia&parent=2084"}],"curies":[{"name":"wp","href":"https:\/\/api.w.org\/{rel}","templated":true}]}}