{"id":2078,"date":"2016-12-14T09:40:15","date_gmt":"2016-12-14T07:40:15","guid":{"rendered":"http:\/\/www.kirche-neustadt.de\/?page_id=2078"},"modified":"2016-12-14T09:51:39","modified_gmt":"2016-12-14T07:51:39","slug":"kirchgeld","status":"publish","type":"page","link":"https:\/\/www.kirche-neustadt.de\/?page_id=2078","title":{"rendered":"Herzlichen Dank f\u00fcr ihr &#8222;Kirchgeld&#8220;!"},"content":{"rendered":"<p>\u201eHier haben wir immer gesessen, zu \u201aPastorstunde\u2018. Die alte Frau, bestimmt 80 Jahre alt, ist mit ein paar Gleichgesinnten noch einmal auf Reisen gegangen. An die Orte der Kindheit. Und so besuchen Sie \u201aihren\u2018 Geburtsort, \u201aihre\u2018 Kirche und wollen noch einmal ins Pfarrhaus. Dort zeigen Sie auf \u201aihren\u2018 Platz, den Platz, an dem fr\u00fcher einmal ein gro\u00dfer Kachelofen stand. Und drum herum versammelte der Pfarrer allw\u00f6chentlich die muntere Konfirmandenschar zur \u201aPastorstunde\u2018.<\/p>\n<p>Wenn Sie die sch\u00f6ne Fassade des Neust\u00e4dter Pfarrhauses sehen, steigen da in Ihnen auch die alten Erinnerungen hoch? Kommen Ihnen auch alte Geschichten in den Sinn: Wei\u00dft Du noch damals, als wir Konfirmanden waren?<\/p>\n<p>Das Pfarrhaus ist ein Erinnerungsort seit 400 Jahren! Seit 1616 wohnen hier Pfarrer. Nannte man das hier in Neustadt auch \u201aPastorstunde\u2018? Waren hier die M\u00e4dels und Jungs artige und lernbegierige Kinder, die in die Grundlagen des Christlichen Glaubens \u00a0eingewiesen wurden, die gerne biblischen Geschichten durchst\u00f6berten, 10 Gebote aufsagten und bereitwillig und m\u00fchelos aufsagten, was der kleine Katechismus noch so hergab?<\/p>\n<p>Auch wenn Sie mit dem Konfirmandenunterricht, dem Kleinen Katechismus, dem Pfarrer vielleicht eher ungute Erinnerungen verbinden, oder anderswo getauft, konfirmiert wurden, in einer anderen Kirche geheiratet haben: Es ist doch sch\u00f6n, dass Kirche seit so langer Zeit die Zukunft Gottes f\u00fcr unser Leben im Blick beh\u00e4lt!? Es ist doch gut, dass das Evangelium, die Gute Nachricht immer wieder gepredigt wird: Zukunft seit \u00fcber 2000 Jahren!? Es ist doch gut, dass Gemeinde Christi lebt, dass Alte und Jungen einen Ort haben, an dem Sie sich versammeln, um Abendmahl zu feiern, zu singen und zu beten!?<\/p>\n<p>Wenn wir also in diesem Jahr diesen 400. Geburtstag des Neust\u00e4dter\u00a0 Pfarrhauses feiern, dann feiern wir die Zukunft, die Gott f\u00fcr uns bereitet hat! Lassen Sie sich einladen, an dieser Zukunft teilzuhaben. Feiern Sie mit! Unterst\u00fctzen Sie die Gemeinde in Neustadt mit ihren Gaben!<\/p>\n<p>Herzlichen Dank f\u00fcr alles, was Sie schon einbringen, oft auch unscheinbar und (zu) wenig beachtet!<\/p>\n<p>Hiermit bitten wir Sie besonders, um das Kirchgeld 2016!<\/p>\n<p>Nicht nur die Sanierung der Fassade des Neust\u00e4dter Pfarrhauses steht an, auch im Diakonat wird in den n\u00e4chsten Monaten eifrig gebaut.<\/p>\n<p>Helfen Sie, dass auch unsere Kinder, Enkel und Urenkel einmal nach Neustadt kommen k\u00f6nnen, am Pfarrhaus oder einem anderen Ort sagen k\u00f6nnen: Hier hatte ich Konfirmandenunterricht, hier wurde ich getauft und getraut, hier hatten wir immer Kirchenchor, hier hatten wir Posaunenchorprobe\u2026..<\/p>\n<p>Helfen Sie mit ihrem Kirchgeld, dass Gemeindeleben gestaltet werden kann,\u00a0 Erinnerungsorte gepflegt und erhalten werden k\u00f6nnen. Bringen Sie sich\u00a0 mit den Gaben, die Sie von Gott erhalten!<\/p>\n<p>Lassen Sie sich auch zu den Gottesdiensten und den anderen vielf\u00e4ltigen Veranstaltungen einladen! Mit den Kirchennachrichten erhalten Sie dazu wichtige Hinweise und Informationen.<\/p>\n<p>Mit freundlichen Gr\u00fc\u00dfen auch im Namen des Kirchenvorstandes<\/p>\n<p>Ihr Pfr. Friedrich Pr\u00fcfer<\/p>\n<p>Achtung- Neue Kontoverbindung! Information finden Sie <a href=\"https:\/\/www.kirche-neustadt.de\/?page_id=1940\" target=\"_blank\">hier<\/a>.<\/p>\n<p>N\u00e4here Informationen zu Kapitalertr\u00e4gen und Kirchensteuer finden Sie <a href=\"https:\/\/www.kirche-neustadt.de\/wp-content\/uploads\/2016\/12\/2014_kapitalertraege_und_kirchensteuer.pdf\" target=\"_blank\">hier.<\/a><\/p>\n","protected":false},"excerpt":{"rendered":"<p>\u201eHier haben wir immer gesessen, zu \u201aPastorstunde\u2018. Die alte Frau, bestimmt 80 Jahre alt, ist mit ein paar Gleichgesinnten noch einmal auf Reisen gegangen. An die Orte der Kindheit. Und so besuchen Sie \u201aihren\u2018 Geburtsort, \u201aihre\u2018 Kirche und wollen noch einmal ins Pfarrhaus. Dort zeigen Sie auf \u201aihren\u2018 Platz, den Platz, an dem fr\u00fcher einmal [&hellip;]<\/p>\n","protected":false},"author":3,"featured_media":0,"parent":2084,"menu_order":0,"comment_status":"closed","ping_status":"closed","template":"","meta":{"_crdt_document":"","footnotes":""},"class_list":["post-2078","page","type-page","status-publish","hentry"],"_links":{"self":[{"href":"https:\/\/www.kirche-neustadt.de\/index.php?rest_route=\/wp\/v2\/pages\/2078","targetHints":{"allow":["GET"]}}],"collection":[{"href":"https:\/\/www.kirche-neustadt.de\/index.php?rest_route=\/wp\/v2\/pages"}],"about":[{"href":"https:\/\/www.kirche-neustadt.de\/index.php?rest_route=\/wp\/v2\/types\/page"}],"author":[{"embeddable":true,"href":"https:\/\/www.kirche-neustadt.de\/index.php?rest_route=\/wp\/v2\/users\/3"}],"replies":[{"embeddable":true,"href":"https:\/\/www.kirche-neustadt.de\/index.php?rest_route=%2Fwp%2Fv2%2Fcomments&post=2078"}],"version-history":[{"count":5,"href":"https:\/\/www.kirche-neustadt.de\/index.php?rest_route=\/wp\/v2\/pages\/2078\/revisions"}],"predecessor-version":[{"id":2086,"href":"https:\/\/www.kirche-neustadt.de\/index.php?rest_route=\/wp\/v2\/pages\/2078\/revisions\/2086"}],"up":[{"embeddable":true,"href":"https:\/\/www.kirche-neustadt.de\/index.php?rest_route=\/wp\/v2\/pages\/2084"}],"wp:attachment":[{"href":"https:\/\/www.kirche-neustadt.de\/index.php?rest_route=%2Fwp%2Fv2%2Fmedia&parent=2078"}],"curies":[{"name":"wp","href":"https:\/\/api.w.org\/{rel}","templated":true}]}}