{"id":1944,"date":"2016-12-02T19:48:52","date_gmt":"2016-12-02T17:48:52","guid":{"rendered":"http:\/\/www.kirche-neustadt.de\/?page_id=1944"},"modified":"2026-02-05T12:27:13","modified_gmt":"2026-02-05T10:27:13","slug":"kontoverbindung","status":"publish","type":"page","link":"https:\/\/www.kirche-neustadt.de\/?page_id=1944","title":{"rendered":"Kontoverbindung"},"content":{"rendered":"<h1><strong>Kontoverbindung<\/strong><\/h1>\n<p><strong>Kontoverbindung der Kirchgemeinde f\u00fcr Spenden:<\/strong><br \/>\nBank f\u00fcr Kirche und Diakonie, IBAN: DE 33 3506 0190 1617 2090 19<br \/>\nF\u00fcr alle: BIC: GENODED1DKD (bei Verwendungszweck RT 2636 angeben)<\/p>\n<p><strong>Kontoverbindung f\u00fcr Friedhof:<\/strong><br \/>\nBank f\u00fcr Kirche und Diakonie, IBAN: DE 46 3506 0190 1620 8810 11<\/p>\n<p><strong>Kontoverbindung f\u00fcr Kirchgeld:<\/strong><br \/>\nBank f\u00fcr Kirche und Diakonie, IBAN: DE 68 3506 0190 1650 1000 22<\/p>\n<p><strong>Kontoverbindung f\u00fcr die Evangelische Grundschule Hohwald:<\/strong><br \/>\nBank f\u00fcr Kirche und Diakonie, IBAN: DE 86 3506 0190 1626 4700 13<\/p>\n","protected":false},"excerpt":{"rendered":"<p>Kontoverbindung Kontoverbindung der Kirchgemeinde f\u00fcr Spenden: Bank f\u00fcr Kirche und Diakonie, IBAN: DE 33 3506 0190 1617 2090 19 F\u00fcr alle: BIC: GENODED1DKD (bei Verwendungszweck RT 2636 angeben) Kontoverbindung f\u00fcr Friedhof: Bank f\u00fcr Kirche und Diakonie, IBAN: DE 46 3506 0190 1620 8810 11 Kontoverbindung f\u00fcr Kirchgeld: Bank f\u00fcr Kirche und Diakonie, IBAN: DE 68 [&hellip;]<\/p>\n","protected":false},"author":3,"featured_media":0,"parent":1704,"menu_order":0,"comment_status":"closed","ping_status":"closed","template":"","meta":{"_crdt_document":"","footnotes":""},"class_list":["post-1944","page","type-page","status-publish","hentry"],"_links":{"self":[{"href":"https:\/\/www.kirche-neustadt.de\/index.php?rest_route=\/wp\/v2\/pages\/1944","targetHints":{"allow":["GET"]}}],"collection":[{"href":"https:\/\/www.kirche-neustadt.de\/index.php?rest_route=\/wp\/v2\/pages"}],"about":[{"href":"https:\/\/www.kirche-neustadt.de\/index.php?rest_route=\/wp\/v2\/types\/page"}],"author":[{"embeddable":true,"href":"https:\/\/www.kirche-neustadt.de\/index.php?rest_route=\/wp\/v2\/users\/3"}],"replies":[{"embeddable":true,"href":"https:\/\/www.kirche-neustadt.de\/index.php?rest_route=%2Fwp%2Fv2%2Fcomments&post=1944"}],"version-history":[{"count":2,"href":"https:\/\/www.kirche-neustadt.de\/index.php?rest_route=\/wp\/v2\/pages\/1944\/revisions"}],"predecessor-version":[{"id":6849,"href":"https:\/\/www.kirche-neustadt.de\/index.php?rest_route=\/wp\/v2\/pages\/1944\/revisions\/6849"}],"up":[{"embeddable":true,"href":"https:\/\/www.kirche-neustadt.de\/index.php?rest_route=\/wp\/v2\/pages\/1704"}],"wp:attachment":[{"href":"https:\/\/www.kirche-neustadt.de\/index.php?rest_route=%2Fwp%2Fv2%2Fmedia&parent=1944"}],"curies":[{"name":"wp","href":"https:\/\/api.w.org\/{rel}","templated":true}]}}