{"id":1851,"date":"2016-11-30T15:58:08","date_gmt":"2016-11-30T13:58:08","guid":{"rendered":"http:\/\/www.kirche-neustadt.de\/?page_id=1851"},"modified":"2016-12-14T15:08:34","modified_gmt":"2016-12-14T13:08:34","slug":"diakonat","status":"publish","type":"page","link":"https:\/\/www.kirche-neustadt.de\/?page_id=1851","title":{"rendered":"Diakonat"},"content":{"rendered":"<h3>Bauarbeiten am Diakonat<\/h3>\n<p><img loading=\"lazy\" decoding=\"async\" class=\"alignleft size-medium wp-image-1852\" src=\"https:\/\/www.kirche-neustadt.de\/wp-content\/uploads\/2016\/11\/IMG_20160920_100936-300x300.jpg\" alt=\"img_20160920_100936\" width=\"300\" height=\"300\" srcset=\"https:\/\/www.kirche-neustadt.de\/wp-content\/uploads\/2016\/11\/IMG_20160920_100936-300x300.jpg 300w, https:\/\/www.kirche-neustadt.de\/wp-content\/uploads\/2016\/11\/IMG_20160920_100936-150x150.jpg 150w, https:\/\/www.kirche-neustadt.de\/wp-content\/uploads\/2016\/11\/IMG_20160920_100936-768x768.jpg 768w, https:\/\/www.kirche-neustadt.de\/wp-content\/uploads\/2016\/11\/IMG_20160920_100936-1024x1024.jpg 1024w, https:\/\/www.kirche-neustadt.de\/wp-content\/uploads\/2016\/11\/IMG_20160920_100936-624x624.jpg 624w\" sizes=\"auto, (max-width: 300px) 100vw, 300px\" \/>Der 1. Bauabschnitt (Dach und Aussenfassade,\u00a0sowie die teilweise Erneuerung von Fenstern<br \/>\nund T\u00fcren) ist geschafft.<br \/>\nPfarrer Schellenberger beantwortet h\u00e4ufig gestellte Fragen:<\/p>\n<p><strong>Wie lebt es sich auf der Baustelle?<\/strong><br \/>\nDas waren aufregende drei Monate. Aber ein<br \/>\nEnde ist nun abzusehen.<\/p>\n<p><strong>Warum wird so flei\u00dfig gebaut?<\/strong><br \/>\nDas Diakonat ist ein altes Geb\u00e4ude im Eigentum \u00a0unserer Kirchgemeinde. Wir haben uns schon\u00a0im Kirchenvorstand \u00fcberlegt:\u00a0Brauchen wir dieses<img loading=\"lazy\" decoding=\"async\" class=\"size-medium wp-image-1853 alignright\" src=\"https:\/\/www.kirche-neustadt.de\/wp-content\/uploads\/2016\/11\/IMG_20160920_101003-300x300.jpg\" alt=\"img_20160920_101003\" width=\"300\" height=\"300\" srcset=\"https:\/\/www.kirche-neustadt.de\/wp-content\/uploads\/2016\/11\/IMG_20160920_101003-300x300.jpg 300w, https:\/\/www.kirche-neustadt.de\/wp-content\/uploads\/2016\/11\/IMG_20160920_101003-150x150.jpg 150w, https:\/\/www.kirche-neustadt.de\/wp-content\/uploads\/2016\/11\/IMG_20160920_101003-768x768.jpg 768w, https:\/\/www.kirche-neustadt.de\/wp-content\/uploads\/2016\/11\/IMG_20160920_101003-1024x1024.jpg 1024w, https:\/\/www.kirche-neustadt.de\/wp-content\/uploads\/2016\/11\/IMG_20160920_101003-624x624.jpg 624w\" sizes=\"auto, (max-width: 300px) 100vw, 300px\" \/>\u00a0alte Haus noch? In Zeiten wie diesen w\u00e4re\u00a0es unverantwortlich ein solches Haus einfach zu\u00a0ver\u00e4u\u00dfern, das Generationen vor uns unter\u00a0schwierigsten Bedingungen erhalten haben.\u00a0Wir tragen Verantwortung. Deshalb bringen wir\u00a0unser Diakonat baulich auf Vordermann.<\/p>\n<p><strong>Woher kommt das Geld?<\/strong><br \/>\nWir sind sehr dankbar, dass die Landeskirche<br \/>\nunser Bauvorhaben gro\u00dfz\u00fcgig unterst\u00fctzt.<br \/>\nEbenso erhalten wir f\u00fcr Dach und Fassade F\u00f6rdermittel<br \/>\n\u00fcber die Stadt aus dem F\u00f6rderprogramm<br \/>\nInnenstadtsanierung. Einen Teil der<br \/>\nBausumme werden wir auch \u00fcber einen Kredit\u00a0finanzieren, der vollst\u00e4ndig \u00fcber die Mieteinnahmen\u00a0des Hauses refinanziert wird.<\/p>\n<p><strong>Das Dachgeschoss wird ausgebaut?<\/strong><br \/>\nDas Dach musste neu gedeckt und endlich\u00a0auch ged\u00e4mmt werden. In diesem Zusammenhang<br \/>\nentsteht ein zus\u00e4tzlicher Wohnraum von\u00a0etwa 25qm Wohnfl\u00e4che. Wir m\u00fcssen im Auge<br \/>\nhaben, dass das Diakonat langfristig vermietbar\u00a0sein muss. Deshalb muss die Qualit\u00e4t und auch<br \/>\ndie Gr\u00f6\u00dfe der Wohnung einem Standart angepasst\u00a0werden, der f\u00fcr potentielle Mieter attraktiv<br \/>\nist.<br \/>\n<strong>Aber Sie bleiben doch&#8230;<\/strong><br \/>\nIch bleibe gerne. Aber irgendwann kommt die<br \/>\nZeit&#8230;.<\/p>\n<p><strong>Sie wohnen als Pfarrer im Diakonat. Wie\u00a0wird das Geb\u00e4ude noch genutzt?<\/strong><br \/>\nDas Erdgeschoss wurde ja schon immer durch\u00a0die Kirchgemeinde \u00f6ffentlich genutzt. Das bleibt<br \/>\nauch so. Beide Pfarrer werden dort u.a. ihre\u00a0Amtszimmer haben. F\u00fcr Pfarrer Pr\u00fcfer ist diese<br \/>\nL\u00f6sung wichtig, weil in seinem Wohnbereich im\u00a0Pfarrhaus dringend ein weiteres Kinderzimmer<br \/>\nben\u00f6tigt wird.<\/p>\n<p><a href=\"https:\/\/www.kirche-neustadt.de\/wp-content\/uploads\/2016\/11\/unnamed-1.jpghttps:\/\/www.kirche-neustadt.de\/wp-content\/uploads\/2016\/11\/unnamed-1.jpg\"><img loading=\"lazy\" decoding=\"async\" class=\"alignleft wp-image-2101 size-medium\" src=\"https:\/\/www.kirche-neustadt.de\/wp-content\/uploads\/2016\/11\/unnamed-1-300x300.jpg\" width=\"300\" height=\"300\" srcset=\"https:\/\/www.kirche-neustadt.de\/wp-content\/uploads\/2016\/11\/unnamed-1-300x300.jpg 300w, https:\/\/www.kirche-neustadt.de\/wp-content\/uploads\/2016\/11\/unnamed-1-150x150.jpg 150w, https:\/\/www.kirche-neustadt.de\/wp-content\/uploads\/2016\/11\/unnamed-1-768x768.jpg 768w, https:\/\/www.kirche-neustadt.de\/wp-content\/uploads\/2016\/11\/unnamed-1-624x624.jpg 624w, https:\/\/www.kirche-neustadt.de\/wp-content\/uploads\/2016\/11\/unnamed-1.jpg 845w\" sizes=\"auto, (max-width: 300px) 100vw, 300px\" \/><\/a><\/p>\n<p>&nbsp;<\/p>\n<p>&nbsp;<\/p>\n","protected":false},"excerpt":{"rendered":"<p>Bauarbeiten am Diakonat Der 1. Bauabschnitt (Dach und Aussenfassade,\u00a0sowie die teilweise Erneuerung von Fenstern und T\u00fcren) ist geschafft. Pfarrer Schellenberger beantwortet h\u00e4ufig gestellte Fragen: Wie lebt es sich auf der Baustelle? Das waren aufregende drei Monate. Aber ein Ende ist nun abzusehen. Warum wird so flei\u00dfig gebaut? Das Diakonat ist ein altes Geb\u00e4ude im Eigentum [&hellip;]<\/p>\n","protected":false},"author":3,"featured_media":0,"parent":1687,"menu_order":0,"comment_status":"closed","ping_status":"closed","template":"","meta":{"_crdt_document":"","footnotes":""},"class_list":["post-1851","page","type-page","status-publish","hentry"],"_links":{"self":[{"href":"https:\/\/www.kirche-neustadt.de\/index.php?rest_route=\/wp\/v2\/pages\/1851","targetHints":{"allow":["GET"]}}],"collection":[{"href":"https:\/\/www.kirche-neustadt.de\/index.php?rest_route=\/wp\/v2\/pages"}],"about":[{"href":"https:\/\/www.kirche-neustadt.de\/index.php?rest_route=\/wp\/v2\/types\/page"}],"author":[{"embeddable":true,"href":"https:\/\/www.kirche-neustadt.de\/index.php?rest_route=\/wp\/v2\/users\/3"}],"replies":[{"embeddable":true,"href":"https:\/\/www.kirche-neustadt.de\/index.php?rest_route=%2Fwp%2Fv2%2Fcomments&post=1851"}],"version-history":[{"count":4,"href":"https:\/\/www.kirche-neustadt.de\/index.php?rest_route=\/wp\/v2\/pages\/1851\/revisions"}],"predecessor-version":[{"id":2102,"href":"https:\/\/www.kirche-neustadt.de\/index.php?rest_route=\/wp\/v2\/pages\/1851\/revisions\/2102"}],"up":[{"embeddable":true,"href":"https:\/\/www.kirche-neustadt.de\/index.php?rest_route=\/wp\/v2\/pages\/1687"}],"wp:attachment":[{"href":"https:\/\/www.kirche-neustadt.de\/index.php?rest_route=%2Fwp%2Fv2%2Fmedia&parent=1851"}],"curies":[{"name":"wp","href":"https:\/\/api.w.org\/{rel}","templated":true}]}}