{"id":1847,"date":"2016-11-30T15:55:20","date_gmt":"2016-11-30T13:55:20","guid":{"rendered":"http:\/\/www.kirche-neustadt.de\/?page_id=1847"},"modified":"2017-04-03T09:25:51","modified_gmt":"2017-04-03T07:25:51","slug":"pfarrhaus-neustadt","status":"publish","type":"page","link":"https:\/\/www.kirche-neustadt.de\/?page_id=1847","title":{"rendered":"Pfarrhaus Neustadt"},"content":{"rendered":"<p>Das Pfarrhaus finden Sie direkt neben der St.-Jacobi-Kirche (Ostseite) in Neustadt (Kirchplatz 2, 01844 Neustadt).<\/p>\n<p>Es ist das \u00e4lteste Haus in Neustadt. 1616 wurde es als ein Pfarrhaus gebaut und so seither genutzt. \u00a02016 feierten wir den 400. &#8222;Geburtstag&#8220; des \u00e4ltesten Hauses in Neustadt.<\/p>\n<p><img loading=\"lazy\" decoding=\"async\" class=\"aligncenter wp-image-1965 size-large\" src=\"https:\/\/www.kirche-neustadt.de\/wp-content\/uploads\/2016\/11\/PfarrhausGr\ufffdn-1024x458.jpg\" alt=\"pfarrhausgr%ef%bf%bdn\" width=\"625\" height=\"280\" srcset=\"https:\/\/www.kirche-neustadt.de\/wp-content\/uploads\/2016\/11\/PfarrhausGr\ufffdn-1024x458.jpg 1024w, https:\/\/www.kirche-neustadt.de\/wp-content\/uploads\/2016\/11\/PfarrhausGr\ufffdn-300x134.jpg 300w, https:\/\/www.kirche-neustadt.de\/wp-content\/uploads\/2016\/11\/PfarrhausGr\ufffdn-768x344.jpg 768w, https:\/\/www.kirche-neustadt.de\/wp-content\/uploads\/2016\/11\/PfarrhausGr\ufffdn-624x279.jpg 624w\" sizes=\"auto, (max-width: 625px) 100vw, 625px\" \/><\/p>\n<p>Eine Brosch\u00fcre k\u00f6nnen Sie f\u00fcr 7, 50 Euro im Pfarramt erwerben.<\/p>\n<p><img loading=\"lazy\" decoding=\"async\" class=\"alignleft size-thumbnail wp-image-1956\" src=\"https:\/\/www.kirche-neustadt.de\/wp-content\/uploads\/2016\/11\/400-Jahre-Pfarrhaus-Neustadt-Brosch\u00fcre-Ansicht-150x150.jpg\" alt=\"400-jahre-pfarrhaus-neustadt-broschuere-ansicht\" width=\"150\" height=\"150\" \/><\/p>\n<p>&nbsp;<\/p>\n<p>&nbsp;<\/p>\n<p>&nbsp;<\/p>\n<p>&nbsp;<\/p>\n<p>An der Pfarrhausmauer finden Sie die Gr\u00e4ber zweier ber\u00fchmter Neust\u00e4dter:<\/p>\n<p>Pfarrer Reich rettete im Drei\u00dfigj\u00e4hrigen Krieg Neustadt vor der Brandschatzung und Pfarrer G\u00f6tzinger gilt als einer der Erschlie\u00dfer der &#8222;S\u00e4chsischen Schweiz&#8220;.<\/p>\n<p><img loading=\"lazy\" decoding=\"async\" class=\"size-medium wp-image-1958 alignnone\" src=\"https:\/\/www.kirche-neustadt.de\/wp-content\/uploads\/2016\/11\/IMG_20160116_164830-300x225.jpg\" alt=\"img_20160116_164830\" width=\"300\" height=\"225\" srcset=\"https:\/\/www.kirche-neustadt.de\/wp-content\/uploads\/2016\/11\/IMG_20160116_164830-300x225.jpg 300w, https:\/\/www.kirche-neustadt.de\/wp-content\/uploads\/2016\/11\/IMG_20160116_164830-768x576.jpg 768w, https:\/\/www.kirche-neustadt.de\/wp-content\/uploads\/2016\/11\/IMG_20160116_164830-1024x768.jpg 1024w, https:\/\/www.kirche-neustadt.de\/wp-content\/uploads\/2016\/11\/IMG_20160116_164830-624x468.jpg 624w\" sizes=\"auto, (max-width: 300px) 100vw, 300px\" \/><img loading=\"lazy\" decoding=\"async\" class=\"size-medium wp-image-1518 alignleft\" src=\"https:\/\/www.kirche-neustadt.de\/wp-content\/uploads\/2016\/09\/2016-09-11-0085-Kp2-400-Jahre-Pfarrhaus-300x200.jpg\" alt=\"2016-09-11-0085-kp2-400-jahre-pfarrhaus\" width=\"300\" height=\"200\" srcset=\"https:\/\/www.kirche-neustadt.de\/wp-content\/uploads\/2016\/09\/2016-09-11-0085-Kp2-400-Jahre-Pfarrhaus-300x200.jpg 300w, https:\/\/www.kirche-neustadt.de\/wp-content\/uploads\/2016\/09\/2016-09-11-0085-Kp2-400-Jahre-Pfarrhaus-768x512.jpg 768w, https:\/\/www.kirche-neustadt.de\/wp-content\/uploads\/2016\/09\/2016-09-11-0085-Kp2-400-Jahre-Pfarrhaus-1024x683.jpg 1024w, https:\/\/www.kirche-neustadt.de\/wp-content\/uploads\/2016\/09\/2016-09-11-0085-Kp2-400-Jahre-Pfarrhaus.jpg 1296w\" sizes=\"auto, (max-width: 300px) 100vw, 300px\" \/><\/p>\n<p><img loading=\"lazy\" decoding=\"async\" class=\"size-medium wp-image-851 alignleft\" src=\"https:\/\/www.kirche-neustadt.de\/wp-content\/uploads\/2015\/09\/2015-09-27-14.26.52-200x300.jpg\" alt=\"2015-09-27 14.26.52\" width=\"200\" height=\"300\" srcset=\"https:\/\/www.kirche-neustadt.de\/wp-content\/uploads\/2015\/09\/2015-09-27-14.26.52-200x300.jpg 200w, https:\/\/www.kirche-neustadt.de\/wp-content\/uploads\/2015\/09\/2015-09-27-14.26.52-683x1024.jpg 683w\" sizes=\"auto, (max-width: 200px) 100vw, 200px\" \/><\/p>\n<p>&nbsp;<\/p>\n<p>&nbsp;<\/p>\n<p><img loading=\"lazy\" decoding=\"async\" class=\"size-medium wp-image-1963 alignnone\" src=\"https:\/\/www.kirche-neustadt.de\/wp-content\/uploads\/2016\/11\/Pfarrhaus-w\u00e4hrend-der-Sanierung-Juli-1997.cpt1_-300x219.jpg\" alt=\"pfarrhaus-waehrend-der-sanierung-juli-1997-cpt1\" width=\"300\" height=\"219\" srcset=\"https:\/\/www.kirche-neustadt.de\/wp-content\/uploads\/2016\/11\/Pfarrhaus-w\u00e4hrend-der-Sanierung-Juli-1997.cpt1_-300x219.jpg 300w, https:\/\/www.kirche-neustadt.de\/wp-content\/uploads\/2016\/11\/Pfarrhaus-w\u00e4hrend-der-Sanierung-Juli-1997.cpt1_-768x562.jpg 768w, https:\/\/www.kirche-neustadt.de\/wp-content\/uploads\/2016\/11\/Pfarrhaus-w\u00e4hrend-der-Sanierung-Juli-1997.cpt1_-1024x749.jpg 1024w, https:\/\/www.kirche-neustadt.de\/wp-content\/uploads\/2016\/11\/Pfarrhaus-w\u00e4hrend-der-Sanierung-Juli-1997.cpt1_-624x456.jpg 624w, https:\/\/www.kirche-neustadt.de\/wp-content\/uploads\/2016\/11\/Pfarrhaus-w\u00e4hrend-der-Sanierung-Juli-1997.cpt1_.jpg 1384w\" sizes=\"auto, (max-width: 300px) 100vw, 300px\" \/><\/p>\n<p><img loading=\"lazy\" decoding=\"async\" class=\"size-medium wp-image-1960 alignleft\" src=\"https:\/\/www.kirche-neustadt.de\/wp-content\/uploads\/2016\/11\/Pfarrhaus-001-300x233.jpg\" alt=\"pfarrhaus-001\" width=\"300\" height=\"233\" srcset=\"https:\/\/www.kirche-neustadt.de\/wp-content\/uploads\/2016\/11\/Pfarrhaus-001-300x233.jpg 300w, https:\/\/www.kirche-neustadt.de\/wp-content\/uploads\/2016\/11\/Pfarrhaus-001-768x596.jpg 768w, https:\/\/www.kirche-neustadt.de\/wp-content\/uploads\/2016\/11\/Pfarrhaus-001-1024x795.jpg 1024w, https:\/\/www.kirche-neustadt.de\/wp-content\/uploads\/2016\/11\/Pfarrhaus-001-624x485.jpg 624w, https:\/\/www.kirche-neustadt.de\/wp-content\/uploads\/2016\/11\/Pfarrhaus-001.jpg 1746w\" sizes=\"auto, (max-width: 300px) 100vw, 300px\" \/><\/p>\n<p>&nbsp;<\/p>\n<p>&nbsp;<\/p>\n<p><img loading=\"lazy\" decoding=\"async\" class=\"size-medium wp-image-1961 alignleft\" src=\"https:\/\/www.kirche-neustadt.de\/wp-content\/uploads\/2016\/11\/Pfarrhaus-nach-einem-\u00d6lbild-von-Carl-Gustav-Esaias-H\u00e4ntzschel-zwischen-1786-und-1855-300x251.jpg\" alt=\"pfarrhaus-nach-einem-oelbild-von-carl-gustav-esaias-haentzschel-zwischen-1786-und-1855\" width=\"300\" height=\"251\" srcset=\"https:\/\/www.kirche-neustadt.de\/wp-content\/uploads\/2016\/11\/Pfarrhaus-nach-einem-\u00d6lbild-von-Carl-Gustav-Esaias-H\u00e4ntzschel-zwischen-1786-und-1855-300x251.jpg 300w, https:\/\/www.kirche-neustadt.de\/wp-content\/uploads\/2016\/11\/Pfarrhaus-nach-einem-\u00d6lbild-von-Carl-Gustav-Esaias-H\u00e4ntzschel-zwischen-1786-und-1855-768x641.jpg 768w, https:\/\/www.kirche-neustadt.de\/wp-content\/uploads\/2016\/11\/Pfarrhaus-nach-einem-\u00d6lbild-von-Carl-Gustav-Esaias-H\u00e4ntzschel-zwischen-1786-und-1855-1024x855.jpg 1024w, https:\/\/www.kirche-neustadt.de\/wp-content\/uploads\/2016\/11\/Pfarrhaus-nach-einem-\u00d6lbild-von-Carl-Gustav-Esaias-H\u00e4ntzschel-zwischen-1786-und-1855-624x521.jpg 624w, https:\/\/www.kirche-neustadt.de\/wp-content\/uploads\/2016\/11\/Pfarrhaus-nach-einem-\u00d6lbild-von-Carl-Gustav-Esaias-H\u00e4ntzschel-zwischen-1786-und-1855.jpg 1764w\" sizes=\"auto, (max-width: 300px) 100vw, 300px\" \/><\/p>\n","protected":false},"excerpt":{"rendered":"<p>Das Pfarrhaus finden Sie direkt neben der St.-Jacobi-Kirche (Ostseite) in Neustadt (Kirchplatz 2, 01844 Neustadt). Es ist das \u00e4lteste Haus in Neustadt. 1616 wurde es als ein Pfarrhaus gebaut und so seither genutzt. \u00a02016 feierten wir den 400. &#8222;Geburtstag&#8220; des \u00e4ltesten Hauses in Neustadt. Eine Brosch\u00fcre k\u00f6nnen Sie f\u00fcr 7, 50 Euro im Pfarramt erwerben. [&hellip;]<\/p>\n","protected":false},"author":3,"featured_media":0,"parent":1687,"menu_order":0,"comment_status":"closed","ping_status":"closed","template":"","meta":{"_crdt_document":"","footnotes":""},"class_list":["post-1847","page","type-page","status-publish","hentry"],"_links":{"self":[{"href":"https:\/\/www.kirche-neustadt.de\/index.php?rest_route=\/wp\/v2\/pages\/1847","targetHints":{"allow":["GET"]}}],"collection":[{"href":"https:\/\/www.kirche-neustadt.de\/index.php?rest_route=\/wp\/v2\/pages"}],"about":[{"href":"https:\/\/www.kirche-neustadt.de\/index.php?rest_route=\/wp\/v2\/types\/page"}],"author":[{"embeddable":true,"href":"https:\/\/www.kirche-neustadt.de\/index.php?rest_route=\/wp\/v2\/users\/3"}],"replies":[{"embeddable":true,"href":"https:\/\/www.kirche-neustadt.de\/index.php?rest_route=%2Fwp%2Fv2%2Fcomments&post=1847"}],"version-history":[{"count":11,"href":"https:\/\/www.kirche-neustadt.de\/index.php?rest_route=\/wp\/v2\/pages\/1847\/revisions"}],"predecessor-version":[{"id":2610,"href":"https:\/\/www.kirche-neustadt.de\/index.php?rest_route=\/wp\/v2\/pages\/1847\/revisions\/2610"}],"up":[{"embeddable":true,"href":"https:\/\/www.kirche-neustadt.de\/index.php?rest_route=\/wp\/v2\/pages\/1687"}],"wp:attachment":[{"href":"https:\/\/www.kirche-neustadt.de\/index.php?rest_route=%2Fwp%2Fv2%2Fmedia&parent=1847"}],"curies":[{"name":"wp","href":"https:\/\/api.w.org\/{rel}","templated":true}]}}