{"id":1845,"date":"2016-11-30T15:52:23","date_gmt":"2016-11-30T13:52:23","guid":{"rendered":"http:\/\/www.kirche-neustadt.de\/?page_id=1845"},"modified":"2017-04-03T13:06:59","modified_gmt":"2017-04-03T11:06:59","slug":"st-jacobi-kirche-neustadt","status":"publish","type":"page","link":"https:\/\/www.kirche-neustadt.de\/?page_id=1845","title":{"rendered":"St.-Jacobi-Kirche Neustadt"},"content":{"rendered":"<p><a href=\"https:\/\/www.kirche-neustadt.de\/wp-content\/uploads\/2017\/04\/WP_20170327_19_29_58_Pro.jpg\"><img loading=\"lazy\" decoding=\"async\" class=\"alignleft size-thumbnail wp-image-2612\" src=\"https:\/\/www.kirche-neustadt.de\/wp-content\/uploads\/2017\/04\/WP_20170327_19_29_58_Pro-150x150.jpg\" alt=\"\" width=\"150\" height=\"150\" \/><\/a><a href=\"https:\/\/www.kirche-neustadt.de\/wp-content\/uploads\/2017\/04\/IMG_20160306_171000.jpg\" target=\"_blank\"><img loading=\"lazy\" decoding=\"async\" class=\"size-thumbnail wp-image-2627 alignleft\" src=\"https:\/\/www.kirche-neustadt.de\/wp-content\/uploads\/2017\/04\/IMG_20160306_171000-150x150.jpg\" alt=\"\" width=\"150\" height=\"150\" srcset=\"https:\/\/www.kirche-neustadt.de\/wp-content\/uploads\/2017\/04\/IMG_20160306_171000-150x150.jpg 150w, https:\/\/www.kirche-neustadt.de\/wp-content\/uploads\/2017\/04\/IMG_20160306_171000-300x300.jpg 300w, https:\/\/www.kirche-neustadt.de\/wp-content\/uploads\/2017\/04\/IMG_20160306_171000-768x768.jpg 768w, https:\/\/www.kirche-neustadt.de\/wp-content\/uploads\/2017\/04\/IMG_20160306_171000-1024x1024.jpg 1024w, https:\/\/www.kirche-neustadt.de\/wp-content\/uploads\/2017\/04\/IMG_20160306_171000-624x624.jpg 624w\" sizes=\"auto, (max-width: 150px) 100vw, 150px\" \/><\/a><\/p>\n<p>&nbsp;<\/p>\n<p>&nbsp;<\/p>\n<p>&nbsp;<\/p>\n<p>&nbsp;<\/p>\n<p>1333 wurde Neustadt in einer Urkunde erstmalig erw\u00e4hnt. Es ist anzunehmen, dass in dieser Zeit bei der Ansiedlung schon eine kleine Kapelle auf der Stelle des jetzigen Altarraumes stand.<\/p>\n<p>Schon 1346 spricht man jedoch von einer &#8222;Stadtkirche&#8220;.<\/p>\n<p>Da die Zahl der Bev\u00f6lkerung zunimmt, wird die Kirche 1495 und 1648 erweitert.<\/p>\n<p>Der Chorraum (Altarraum) ist der \u00e4lteste Teil unseres Gotteshauses.\u00a0<a href=\"https:\/\/www.kirche-neustadt.de\/wp-content\/uploads\/2016\/11\/IMG_20160101_000400.jpg\"><img loading=\"lazy\" decoding=\"async\" class=\"wp-image-2632 size-thumbnail alignright\" src=\"https:\/\/www.kirche-neustadt.de\/wp-content\/uploads\/2016\/11\/IMG_20160101_000400-e1491205764640-150x150.jpg\" alt=\"\" width=\"150\" height=\"150\" \/><\/a><\/p>\n<p>Er wurde um 1500 im Stil der Sp\u00e4tgotik erbaut. Im 16. und 17. Jahrhundert fanden hier eine Anzahl von Erdbestattungen der Adligen aus den umliegenden Ritterg\u00fctern statt.<\/p>\n<p>In diesem Teil der Kirche befinden sich auch zwei Epitaphien (Grabdenkmale) f\u00fcr die Herrschaften von Langburkersdorf und Polenz.<\/p>\n<p>Beide sind aus dem 16. Jahrhundert und wurden von Christoph Walther II. aus Dresden im Baustil der Renaissance geschaffen.<\/p>\n<p>1699 bekam die barocke Vorg\u00e4ngerkirche einen neuen Altar. Von diesem ist noch die Gestalt des auferstandenen Christus erhalten geblieben. Die Figur wurde im Jahr 1928 wiederentdeckt, restauriert und 1930 auf der Konsole gegen\u00fcber der Kanzel aufgestellt.\u00a0<img loading=\"lazy\" decoding=\"async\" class=\"wp-image-2235 size-thumbnail alignright\" src=\"https:\/\/www.kirche-neustadt.de\/wp-content\/uploads\/2016\/11\/IMG_20161217_104251-150x150.jpg\" width=\"150\" height=\"150\" srcset=\"https:\/\/www.kirche-neustadt.de\/wp-content\/uploads\/2016\/11\/IMG_20161217_104251-150x150.jpg 150w, https:\/\/www.kirche-neustadt.de\/wp-content\/uploads\/2016\/11\/IMG_20161217_104251-300x300.jpg 300w, https:\/\/www.kirche-neustadt.de\/wp-content\/uploads\/2016\/11\/IMG_20161217_104251-768x768.jpg 768w, https:\/\/www.kirche-neustadt.de\/wp-content\/uploads\/2016\/11\/IMG_20161217_104251-1024x1024.jpg 1024w, https:\/\/www.kirche-neustadt.de\/wp-content\/uploads\/2016\/11\/IMG_20161217_104251-624x624.jpg 624w\" sizes=\"auto, (max-width: 150px) 100vw, 150px\" \/><\/p>\n<p>Im Zeitraum 1883\/84 wurde das bauf\u00e4llig gewordene Kirchenschiff bis auf die Grundmauern abgebrochen und unter Leitung von Kirchenbaurat M\u00f6ckel im neogotischen Stil neu errichtet. Die Bauzeit betrug nur 15 Monate, die Baukosten beliefen sich auf 191.860 Mark.<\/p>\n<p><a href=\"https:\/\/www.kirche-neustadt.de\/wp-content\/uploads\/2017\/04\/WP_20170327_12_35_46_Pro.jpg\"><img loading=\"lazy\" decoding=\"async\" class=\"alignleft size-thumbnail wp-image-2613\" src=\"https:\/\/www.kirche-neustadt.de\/wp-content\/uploads\/2017\/04\/WP_20170327_12_35_46_Pro-e1491205829312-150x150.jpg\" alt=\"\" width=\"150\" height=\"150\" \/><\/a>Als besonderes Attribut bekam die Kirche auf der S\u00fcdseite den 65 Meter hohen Turm. Er tr\u00e4gt 4 neue Bronzeglocken. F\u00fcr den Umbau verwendete man Materialien aus der Umgebung: Sandstein, Granit und Holz.\u00a0<img loading=\"lazy\" decoding=\"async\" class=\" wp-image-845 alignright\" src=\"https:\/\/www.kirche-neustadt.de\/wp-content\/uploads\/2015\/09\/2015-09-27-13.58.32-200x300.jpg\" alt=\"2015-09-27 13.58.32\" width=\"137\" height=\"206\" srcset=\"https:\/\/www.kirche-neustadt.de\/wp-content\/uploads\/2015\/09\/2015-09-27-13.58.32-200x300.jpg 200w, https:\/\/www.kirche-neustadt.de\/wp-content\/uploads\/2015\/09\/2015-09-27-13.58.32-683x1024.jpg 683w\" sizes=\"auto, (max-width: 137px) 100vw, 137px\" \/><\/p>\n<p>&nbsp;<\/p>\n<p>&nbsp;<\/p>\n<p>Die Buntglasfenster im Altarraum zeigen die 12 Apostel. Der Entwurf f\u00fcr die Glasmalerei stammt ebenfalls von Kirchenbaurat M\u00f6ckel, die Zeichnungen von Historienmaler Dietrich aus Dresden. Die Ausf\u00fchrung \u00fcbernahm A. Schulze aus Leipzig. Hergestellt wurden die Fenster in der K\u00f6nigl.-S\u00e4chslischen-Hof_Glasmalerei C.L. T\u00fcrcke in Zittau.<\/p>\n<p><a href=\"https:\/\/www.kirche-neustadt.de\/wp-content\/uploads\/2017\/04\/IMG_20161217_101507.jpg\" target=\"_blank\"><img loading=\"lazy\" decoding=\"async\" class=\"alignnone wp-image-2622 size-thumbnail\" src=\"https:\/\/www.kirche-neustadt.de\/wp-content\/uploads\/2017\/04\/IMG_20161217_101507-150x150.jpg\" alt=\"\" width=\"150\" height=\"150\" srcset=\"https:\/\/www.kirche-neustadt.de\/wp-content\/uploads\/2017\/04\/IMG_20161217_101507-150x150.jpg 150w, https:\/\/www.kirche-neustadt.de\/wp-content\/uploads\/2017\/04\/IMG_20161217_101507-300x300.jpg 300w, https:\/\/www.kirche-neustadt.de\/wp-content\/uploads\/2017\/04\/IMG_20161217_101507-768x768.jpg 768w, https:\/\/www.kirche-neustadt.de\/wp-content\/uploads\/2017\/04\/IMG_20161217_101507-1024x1024.jpg 1024w, https:\/\/www.kirche-neustadt.de\/wp-content\/uploads\/2017\/04\/IMG_20161217_101507-624x624.jpg 624w\" sizes=\"auto, (max-width: 150px) 100vw, 150px\" \/><\/a>\u00a0\u00a0<a href=\"https:\/\/www.kirche-neustadt.de\/wp-content\/uploads\/2017\/04\/IMG_20161217_101452.jpg\" target=\"_blank\"><img loading=\"lazy\" decoding=\"async\" class=\"alignnone wp-image-2623 size-thumbnail\" src=\"https:\/\/www.kirche-neustadt.de\/wp-content\/uploads\/2017\/04\/IMG_20161217_101452-150x150.jpg\" alt=\"\" width=\"150\" height=\"150\" srcset=\"https:\/\/www.kirche-neustadt.de\/wp-content\/uploads\/2017\/04\/IMG_20161217_101452-150x150.jpg 150w, https:\/\/www.kirche-neustadt.de\/wp-content\/uploads\/2017\/04\/IMG_20161217_101452-300x300.jpg 300w, https:\/\/www.kirche-neustadt.de\/wp-content\/uploads\/2017\/04\/IMG_20161217_101452-768x768.jpg 768w, https:\/\/www.kirche-neustadt.de\/wp-content\/uploads\/2017\/04\/IMG_20161217_101452-1024x1024.jpg 1024w, https:\/\/www.kirche-neustadt.de\/wp-content\/uploads\/2017\/04\/IMG_20161217_101452-624x624.jpg 624w\" sizes=\"auto, (max-width: 150px) 100vw, 150px\" \/><\/a>\u00a0<img loading=\"lazy\" decoding=\"async\" class=\"alignnone wp-image-2138 size-thumbnail\" src=\"https:\/\/www.kirche-neustadt.de\/wp-content\/uploads\/2016\/12\/IMG_20161217_101712-150x150.jpg\" alt=\"\" width=\"150\" height=\"150\" srcset=\"https:\/\/www.kirche-neustadt.de\/wp-content\/uploads\/2016\/12\/IMG_20161217_101712-150x150.jpg 150w, https:\/\/www.kirche-neustadt.de\/wp-content\/uploads\/2016\/12\/IMG_20161217_101712-300x300.jpg 300w, https:\/\/www.kirche-neustadt.de\/wp-content\/uploads\/2016\/12\/IMG_20161217_101712-768x768.jpg 768w, https:\/\/www.kirche-neustadt.de\/wp-content\/uploads\/2016\/12\/IMG_20161217_101712-1024x1024.jpg 1024w, https:\/\/www.kirche-neustadt.de\/wp-content\/uploads\/2016\/12\/IMG_20161217_101712-624x624.jpg 624w\" sizes=\"auto, (max-width: 150px) 100vw, 150px\" \/>\u00a0<a href=\"https:\/\/www.kirche-neustadt.de\/wp-content\/uploads\/2016\/11\/WP_20170403_13_01_39_Pro-2.jpg\"><img loading=\"lazy\" decoding=\"async\" class=\"alignnone size-thumbnail wp-image-2662\" src=\"https:\/\/www.kirche-neustadt.de\/wp-content\/uploads\/2016\/11\/WP_20170403_13_01_39_Pro-2-150x150.jpg\" alt=\"\" width=\"150\" height=\"150\" \/><\/a><\/p>\n<p>Im Mittelfenster ist Jesus Christus Thema. Dargestellt werden Geburt und Kreuzigung des Heilandes. Im oberen Bereich als der zu Gott erh\u00f6hte Weltenherrscher.<\/p>\n<p><a href=\"https:\/\/www.kirche-neustadt.de\/wp-content\/uploads\/2017\/04\/IMG_20161217_101647.jpg\"><img loading=\"lazy\" decoding=\"async\" class=\"size-thumbnail wp-image-2625 alignnone\" src=\"https:\/\/www.kirche-neustadt.de\/wp-content\/uploads\/2017\/04\/IMG_20161217_101647-150x150.jpg\" alt=\"\" width=\"150\" height=\"150\" srcset=\"https:\/\/www.kirche-neustadt.de\/wp-content\/uploads\/2017\/04\/IMG_20161217_101647-150x150.jpg 150w, https:\/\/www.kirche-neustadt.de\/wp-content\/uploads\/2017\/04\/IMG_20161217_101647-300x300.jpg 300w, https:\/\/www.kirche-neustadt.de\/wp-content\/uploads\/2017\/04\/IMG_20161217_101647-768x768.jpg 768w, https:\/\/www.kirche-neustadt.de\/wp-content\/uploads\/2017\/04\/IMG_20161217_101647-1024x1024.jpg 1024w, https:\/\/www.kirche-neustadt.de\/wp-content\/uploads\/2017\/04\/IMG_20161217_101647-624x624.jpg 624w\" sizes=\"auto, (max-width: 150px) 100vw, 150px\" \/><\/a>\u00a0<a href=\"https:\/\/www.kirche-neustadt.de\/wp-content\/uploads\/2017\/04\/IMG_20161217_101626.jpg\"><img loading=\"lazy\" decoding=\"async\" class=\"alignnone size-thumbnail wp-image-2624\" src=\"https:\/\/www.kirche-neustadt.de\/wp-content\/uploads\/2017\/04\/IMG_20161217_101626-150x150.jpg\" alt=\"\" width=\"150\" height=\"150\" srcset=\"https:\/\/www.kirche-neustadt.de\/wp-content\/uploads\/2017\/04\/IMG_20161217_101626-150x150.jpg 150w, https:\/\/www.kirche-neustadt.de\/wp-content\/uploads\/2017\/04\/IMG_20161217_101626-300x300.jpg 300w, https:\/\/www.kirche-neustadt.de\/wp-content\/uploads\/2017\/04\/IMG_20161217_101626-768x768.jpg 768w, https:\/\/www.kirche-neustadt.de\/wp-content\/uploads\/2017\/04\/IMG_20161217_101626-1024x1024.jpg 1024w, https:\/\/www.kirche-neustadt.de\/wp-content\/uploads\/2017\/04\/IMG_20161217_101626-624x624.jpg 624w\" sizes=\"auto, (max-width: 150px) 100vw, 150px\" \/><\/a>\u00a0<a href=\"https:\/\/www.kirche-neustadt.de\/wp-content\/uploads\/2017\/04\/IMG_20161217_101656.jpg\"><img loading=\"lazy\" decoding=\"async\" class=\"alignnone size-thumbnail wp-image-2626\" src=\"https:\/\/www.kirche-neustadt.de\/wp-content\/uploads\/2017\/04\/IMG_20161217_101656-150x150.jpg\" alt=\"\" width=\"150\" height=\"150\" srcset=\"https:\/\/www.kirche-neustadt.de\/wp-content\/uploads\/2017\/04\/IMG_20161217_101656-150x150.jpg 150w, https:\/\/www.kirche-neustadt.de\/wp-content\/uploads\/2017\/04\/IMG_20161217_101656-300x300.jpg 300w, https:\/\/www.kirche-neustadt.de\/wp-content\/uploads\/2017\/04\/IMG_20161217_101656-768x768.jpg 768w, https:\/\/www.kirche-neustadt.de\/wp-content\/uploads\/2017\/04\/IMG_20161217_101656-1024x1024.jpg 1024w, https:\/\/www.kirche-neustadt.de\/wp-content\/uploads\/2017\/04\/IMG_20161217_101656-624x624.jpg 624w\" sizes=\"auto, (max-width: 150px) 100vw, 150px\" \/><\/a><\/p>\n<p>Das Altarbild zeigt die Heilung des Gel\u00e4hmten durch Jesus. Dar\u00fcber Jesus der Gekreuzigte. Ihm zur Seite seine Mutter Maria und der J\u00fcnger Johannes.<\/p>\n<p>Altar, Kanzel und Lesepult und der Taufdeckel sind Werke von Tischlermeister Trache aus Dresden.<\/p>\n<p>Am Kreuz und der Kanzel sehen Sie die Symbole der 4 Evangelisten: Enkel (Matth\u00e4us), L\u00f6we (Markus), Stier (Lukas) und Adler (Johannes).<\/p>\n<p>In der Mitte des Altarraumes h\u00e4ngt ein Messingleuchter von 1730, der sich bereits im \u00a0Vorg\u00e4ngerbau befand.<\/p>\n<p>Schon 1566 wird eine <a href=\"https:\/\/www.kirche-neustadt.de\/?page_id=2338\">Orgel<\/a> erw\u00e4hnt.\u00a0<a href=\"https:\/\/www.kirche-neustadt.de\/wp-content\/uploads\/2017\/04\/IMG_20161217_100618.jpg\"><img loading=\"lazy\" decoding=\"async\" class=\"size-thumbnail wp-image-2621 alignright\" src=\"https:\/\/www.kirche-neustadt.de\/wp-content\/uploads\/2017\/04\/IMG_20161217_100618-150x150.jpg\" alt=\"\" width=\"150\" height=\"150\" srcset=\"https:\/\/www.kirche-neustadt.de\/wp-content\/uploads\/2017\/04\/IMG_20161217_100618-150x150.jpg 150w, https:\/\/www.kirche-neustadt.de\/wp-content\/uploads\/2017\/04\/IMG_20161217_100618-300x300.jpg 300w, https:\/\/www.kirche-neustadt.de\/wp-content\/uploads\/2017\/04\/IMG_20161217_100618-768x768.jpg 768w, https:\/\/www.kirche-neustadt.de\/wp-content\/uploads\/2017\/04\/IMG_20161217_100618-1024x1024.jpg 1024w, https:\/\/www.kirche-neustadt.de\/wp-content\/uploads\/2017\/04\/IMG_20161217_100618-624x624.jpg 624w\" sizes=\"auto, (max-width: 150px) 100vw, 150px\" \/><\/a><\/p>\n<p>Die jetzige Orgel ist das Opus 25 aus der Werkstatt des Orgelbaumeisters Eule in Bautzen.<\/p>\n<p>Sie wird heute noch von dieser Firma betreut und erfreut die Besucher im Gottesdienst und bei Konzerten mit ihrem sch\u00f6nen Klang. Sie verf\u00fcgt \u00fcber zwei Manuale, ein Pedal und 28 klingende Stimmen mit 1728 Pfeifen.<\/p>\n<p>Detaillierte Informationen zur Orgel finden Sie <a href=\"https:\/\/www.kirche-neustadt.de\/?page_id=2338\">hier<\/a>.<\/p>\n<p>&nbsp;<\/p>\n<p><a href=\"https:\/\/www.kirche-neustadt.de\/wp-content\/uploads\/2016\/11\/IMG_20161217_101249-1.jpg\"><img loading=\"lazy\" decoding=\"async\" class=\"wp-image-2232 size-thumbnail alignleft\" src=\"https:\/\/www.kirche-neustadt.de\/wp-content\/uploads\/2016\/11\/IMG_20161217_101249-1-150x150.jpg\" width=\"150\" height=\"150\" srcset=\"https:\/\/www.kirche-neustadt.de\/wp-content\/uploads\/2016\/11\/IMG_20161217_101249-1-150x150.jpg 150w, https:\/\/www.kirche-neustadt.de\/wp-content\/uploads\/2016\/11\/IMG_20161217_101249-1-300x300.jpg 300w, https:\/\/www.kirche-neustadt.de\/wp-content\/uploads\/2016\/11\/IMG_20161217_101249-1-768x768.jpg 768w, https:\/\/www.kirche-neustadt.de\/wp-content\/uploads\/2016\/11\/IMG_20161217_101249-1-1024x1024.jpg 1024w, https:\/\/www.kirche-neustadt.de\/wp-content\/uploads\/2016\/11\/IMG_20161217_101249-1-624x624.jpg 624w\" sizes=\"auto, (max-width: 150px) 100vw, 150px\" \/><\/a>\u00a0\u00a0<a href=\"https:\/\/www.kirche-neustadt.de\/wp-content\/uploads\/2016\/11\/IMG_20161217_101307-1.jpg\"><img loading=\"lazy\" decoding=\"async\" class=\"wp-image-2233 size-thumbnail alignleft\" src=\"https:\/\/www.kirche-neustadt.de\/wp-content\/uploads\/2016\/11\/IMG_20161217_101307-1-150x150.jpg\" width=\"150\" height=\"150\" srcset=\"https:\/\/www.kirche-neustadt.de\/wp-content\/uploads\/2016\/11\/IMG_20161217_101307-1-150x150.jpg 150w, https:\/\/www.kirche-neustadt.de\/wp-content\/uploads\/2016\/11\/IMG_20161217_101307-1-300x300.jpg 300w, https:\/\/www.kirche-neustadt.de\/wp-content\/uploads\/2016\/11\/IMG_20161217_101307-1-768x768.jpg 768w, https:\/\/www.kirche-neustadt.de\/wp-content\/uploads\/2016\/11\/IMG_20161217_101307-1-1024x1024.jpg 1024w, https:\/\/www.kirche-neustadt.de\/wp-content\/uploads\/2016\/11\/IMG_20161217_101307-1-624x624.jpg 624w\" sizes=\"auto, (max-width: 150px) 100vw, 150px\" \/><\/a><a href=\"https:\/\/www.kirche-neustadt.de\/wp-content\/uploads\/2016\/11\/IMG_20161217_101320.jpg\"><img loading=\"lazy\" decoding=\"async\" class=\"alignleft wp-image-2234 size-thumbnail\" src=\"https:\/\/www.kirche-neustadt.de\/wp-content\/uploads\/2016\/11\/IMG_20161217_101320-150x150.jpg\" width=\"150\" height=\"150\" srcset=\"https:\/\/www.kirche-neustadt.de\/wp-content\/uploads\/2016\/11\/IMG_20161217_101320-150x150.jpg 150w, https:\/\/www.kirche-neustadt.de\/wp-content\/uploads\/2016\/11\/IMG_20161217_101320-300x300.jpg 300w, https:\/\/www.kirche-neustadt.de\/wp-content\/uploads\/2016\/11\/IMG_20161217_101320-768x768.jpg 768w, https:\/\/www.kirche-neustadt.de\/wp-content\/uploads\/2016\/11\/IMG_20161217_101320-1024x1024.jpg 1024w, https:\/\/www.kirche-neustadt.de\/wp-content\/uploads\/2016\/11\/IMG_20161217_101320-624x624.jpg 624w\" sizes=\"auto, (max-width: 150px) 100vw, 150px\" \/><\/a><\/p>\n<p>&nbsp;<\/p>\n<p>&nbsp;<\/p>\n<p>&nbsp;<\/p>\n","protected":false},"excerpt":{"rendered":"<p>&nbsp; &nbsp; &nbsp; &nbsp; 1333 wurde Neustadt in einer Urkunde erstmalig erw\u00e4hnt. Es ist anzunehmen, dass in dieser Zeit bei der Ansiedlung schon eine kleine Kapelle auf der Stelle des jetzigen Altarraumes stand. Schon 1346 spricht man jedoch von einer &#8222;Stadtkirche&#8220;. Da die Zahl der Bev\u00f6lkerung zunimmt, wird die Kirche 1495 und 1648 erweitert. Der [&hellip;]<\/p>\n","protected":false},"author":3,"featured_media":0,"parent":1687,"menu_order":0,"comment_status":"closed","ping_status":"closed","template":"","meta":{"_crdt_document":"","footnotes":""},"class_list":["post-1845","page","type-page","status-publish","hentry"],"_links":{"self":[{"href":"https:\/\/www.kirche-neustadt.de\/index.php?rest_route=\/wp\/v2\/pages\/1845","targetHints":{"allow":["GET"]}}],"collection":[{"href":"https:\/\/www.kirche-neustadt.de\/index.php?rest_route=\/wp\/v2\/pages"}],"about":[{"href":"https:\/\/www.kirche-neustadt.de\/index.php?rest_route=\/wp\/v2\/types\/page"}],"author":[{"embeddable":true,"href":"https:\/\/www.kirche-neustadt.de\/index.php?rest_route=\/wp\/v2\/users\/3"}],"replies":[{"embeddable":true,"href":"https:\/\/www.kirche-neustadt.de\/index.php?rest_route=%2Fwp%2Fv2%2Fcomments&post=1845"}],"version-history":[{"count":30,"href":"https:\/\/www.kirche-neustadt.de\/index.php?rest_route=\/wp\/v2\/pages\/1845\/revisions"}],"predecessor-version":[{"id":2663,"href":"https:\/\/www.kirche-neustadt.de\/index.php?rest_route=\/wp\/v2\/pages\/1845\/revisions\/2663"}],"up":[{"embeddable":true,"href":"https:\/\/www.kirche-neustadt.de\/index.php?rest_route=\/wp\/v2\/pages\/1687"}],"wp:attachment":[{"href":"https:\/\/www.kirche-neustadt.de\/index.php?rest_route=%2Fwp%2Fv2%2Fmedia&parent=1845"}],"curies":[{"name":"wp","href":"https:\/\/api.w.org\/{rel}","templated":true}]}}