{"id":1834,"date":"2016-11-30T11:44:37","date_gmt":"2016-11-30T09:44:37","guid":{"rendered":"http:\/\/www.kirche-neustadt.de\/?page_id=1834"},"modified":"2019-04-29T13:21:32","modified_gmt":"2019-04-29T11:21:32","slug":"impressum","status":"publish","type":"page","link":"https:\/\/www.kirche-neustadt.de\/?page_id=1834","title":{"rendered":"Impressum"},"content":{"rendered":"<h3>Evangelisch-Lutherische St.-Jacobi-Kirchgemeinde Neustadt<\/h3>\n<p>Evangelisch-Lutherische St.-Jacobi-Kirchgemeinde Neustadt ist eine K\u00f6rperschaft des \u00f6ffentlichen Rechts. Sie wird im Rechtsverkehr durch den\u00a0 Kirchenvorstand, dieses wiederum durch den Vorsitzenden, Pfr. S\u00f6ren Schellenberger, vertreten.<\/p>\n<h3>Anschrift<\/h3>\n<p><span style=\"color: #000000;\">Kirchplatz 2<\/span><br style=\"color: #000000;\" \/><span style=\"color: #000000;\">01844 Neustadt in\u00a0Sachsen<\/span><br style=\"color: #000000;\" \/><span style=\"color: #000000;\">Tel.: (0 35 96) 50 30 39\u00a0<\/span><br style=\"color: #000000;\" \/><span style=\"color: #000000;\">Fax: (0 35 96) 50 19 23<\/span><\/p>\n<p><span style=\"color: #4e5665;\">E-Mail:<\/span><span style=\"color: #000000;\">\u00a0<\/span><a style=\"color: #004a9b;\" href=\"mailto:info@kirche-neustadt.de\">info@kirche-neustadt.de<\/a><\/p>\n<p>Internet: <a href=\"https:\/\/www.kirche-neustadt.de\">www.kirche-neustadt.de<\/a><\/p>\n<h3>Redaktion<\/h3>\n<p>Kirchplatz 2<\/p>\n<p>01844 Neustadt in Sachsen<\/p>\n<p>Verantwortlich:<\/p>\n<p>Pfr. Friedrich Pr\u00fcfer<\/p>\n<p>mobil: 01772981963<\/p>\n<p>E-Mail: friedrichpruefer[et]gmail.com<\/p>\n<h3>Datenschutzerkl\u00e4rung<\/h3>\n<p>Die Evangelisch-Lutherische Kirchgemeinde Neustadt in Sachsen nimmt den Schutz pers\u00f6nlicher Daten sehr ernst. Sie behandelt personenbezogene Daten gem\u00e4\u00df den Vorschriften des <a href=\"https:\/\/www.kirchenrecht-ekd.de\/document\/41335\" target=\"_blank\" rel=\"noopener noreferrer\">Kirchengesetzes \u00fcber den Datenschutz der Evangelischen Kirche in Deutschland (EKD-Datenschutzgesetz-DSG-EKD) in der Neufassung vom 15. November 2017<\/a>\u00a0und den datenschutzrechtlichen Bestimmungen der Ev.-Luth. Landeskirche Sachsens, insbesondere der &#8222;Verordnung \u00fcber den Einsatz von Informationstechnologie (IT) in der<br \/>Ev.-Luth. Landeskirche Sachsens&#8220;.<\/p>\n<p>Alle Informationen, Daten und Angebote dieser Website wurden sorgf\u00e4ltig gepr\u00fcft und werden regelm\u00e4\u00dfig aktualisiert. Eine Haftung oder Gew\u00e4hr f\u00fcr die Aktualit\u00e4t, Richtigkeit, Vollst\u00e4ndigkeit oder Eignung f\u00fcr bestimmte Verwendungszwecke der zur Verf\u00fcgung gestellten Informationen ist jedoch ausgeschlossen.<\/p>\n<p>Trotz sorgf\u00e4ltiger inhaltlicher Kontrolle \u00fcbernehmen wir keine Haftung f\u00fcr die Inhalte externer Links. F\u00fcr den Inhalt der verlinkten Seiten sind ausschlie\u00dflich deren Betreiber verantwortlich.<\/p>\n<p>Alle innerhalb des Internetangebotes genannten und ggf. durch Dritte gesch\u00fctzten Marken unterliegen uneingeschr\u00e4nkt den Bestimmungen des jeweils g\u00fcltigen Kennzeichenrechts und den Eigentumsrechten der jeweiligen eingetragenen Eigent\u00fcmer.<\/p>\n<p>Das Nutzungsrecht f\u00fcr ver\u00f6ffentlichte, von Mitarbeitern der Redaktion dieser Website selbst erstellte oder von ihnen erworbene urheberrechtlich gesch\u00fctzte Objekte bleibt allein bei der Redaktion dieser Website.<br \/><em>Eine Vervielf\u00e4ltigung oder Verwendung solcher Grafiken, Tondokumente, Videosequenzen und Texte in anderen elektronischen oder gedruckten Publikationen ist ohne ausdr\u00fcckliche schriftliche Zustimmung der Ev.-Luth. Kirchgemeinde Neustadt nicht gestattet.<\/em><\/p>\n<p>Wenn Sie glauben, dass die hier aufgef\u00fchrten Datenschutzrichtlinien nicht eingehalten werden oder Missbrauch mit pers\u00f6nlichen Daten betrieben wird, dann wenden Sie sich bitte an unseren Datenschutzbeauftragten.\u00a0<\/p>\n<h3>Datenschutzbeauftragter<\/h3>\n<p>Datenschutzbeauftragter der Ev.-Luth. Kirchgemeinde Neustadt in Sachsen: Herr OKR J\u00f6rg am Rhein, Regionalkirchenamt Dresden, Kreuzstr. 7,<br \/>01067 Dresden, Tel. 0351\/4923328, Mail: rka.dresden[et]evlks.de<\/p>\n\n\n<p class=\"wp-block-paragraph\"><\/p>\n","protected":false},"excerpt":{"rendered":"<p>Evangelisch-Lutherische St.-Jacobi-Kirchgemeinde Neustadt Evangelisch-Lutherische St.-Jacobi-Kirchgemeinde Neustadt ist eine K\u00f6rperschaft des \u00f6ffentlichen Rechts. Sie wird im Rechtsverkehr durch den\u00a0 Kirchenvorstand, dieses wiederum durch den Vorsitzenden, Pfr. S\u00f6ren Schellenberger, vertreten. Anschrift Kirchplatz 201844 Neustadt in\u00a0SachsenTel.: (0 35 96) 50 30 39\u00a0Fax: (0 35 96) 50 19 23 E-Mail:\u00a0info@kirche-neustadt.de Internet: www.kirche-neustadt.de Redaktion Kirchplatz 2 01844 Neustadt in Sachsen [&hellip;]<\/p>\n","protected":false},"author":3,"featured_media":0,"parent":6,"menu_order":0,"comment_status":"closed","ping_status":"closed","template":"","meta":{"_crdt_document":"","footnotes":""},"class_list":["post-1834","page","type-page","status-publish","hentry"],"_links":{"self":[{"href":"https:\/\/www.kirche-neustadt.de\/index.php?rest_route=\/wp\/v2\/pages\/1834","targetHints":{"allow":["GET"]}}],"collection":[{"href":"https:\/\/www.kirche-neustadt.de\/index.php?rest_route=\/wp\/v2\/pages"}],"about":[{"href":"https:\/\/www.kirche-neustadt.de\/index.php?rest_route=\/wp\/v2\/types\/page"}],"author":[{"embeddable":true,"href":"https:\/\/www.kirche-neustadt.de\/index.php?rest_route=\/wp\/v2\/users\/3"}],"replies":[{"embeddable":true,"href":"https:\/\/www.kirche-neustadt.de\/index.php?rest_route=%2Fwp%2Fv2%2Fcomments&post=1834"}],"version-history":[{"count":10,"href":"https:\/\/www.kirche-neustadt.de\/index.php?rest_route=\/wp\/v2\/pages\/1834\/revisions"}],"predecessor-version":[{"id":4252,"href":"https:\/\/www.kirche-neustadt.de\/index.php?rest_route=\/wp\/v2\/pages\/1834\/revisions\/4252"}],"up":[{"embeddable":true,"href":"https:\/\/www.kirche-neustadt.de\/index.php?rest_route=\/wp\/v2\/pages\/6"}],"wp:attachment":[{"href":"https:\/\/www.kirche-neustadt.de\/index.php?rest_route=%2Fwp%2Fv2%2Fmedia&parent=1834"}],"curies":[{"name":"wp","href":"https:\/\/api.w.org\/{rel}","templated":true}]}}