{"id":1783,"date":"2016-11-29T14:52:11","date_gmt":"2016-11-29T12:52:11","guid":{"rendered":"http:\/\/www.kirche-neustadt.de\/?page_id=1783"},"modified":"2024-03-13T11:41:59","modified_gmt":"2024-03-13T09:41:59","slug":"bestattung","status":"publish","type":"page","link":"https:\/\/www.kirche-neustadt.de\/?page_id=1783","title":{"rendered":"Bestattung"},"content":{"rendered":"<h1>Neuer Friedhof Neustadt in Sachsen<\/h1>\n<h5 class=\"p1\"><span style=\"color: revert; font-size: 18px; font-weight: revert;\">Adresse: <\/span><\/h5>\n<p>Bischofswerdaer Str. 44<br \/>\n01844 Neustadt in Sachsen<\/p>\n<div class=\"ce_text block\">\n<h2>Im Internet:<\/h2>\n<p><a href=\"https:\/\/www.neuerfriedhof.de\/\">https:\/\/www.neuerfriedhof.de\/<\/a><\/p>\n<h2>Friedhofsverwalter:<\/h2>\n<p>Silvio Greif: 01525-6609930<\/p>\n<h2>Kontoverbindung f\u00fcr Friedhof:<\/h2>\n<p>Bank f\u00fcr Kirche und Diakonie<br \/>\nIBAN: DE 46 3506 0190 1620 8810 11<\/p>\n<div class=\"ce_text block\"><\/div>\n<h2>Informationsbrosch\u00fcre:<\/h2>\n<\/div>\n<div class=\"ce_text block\">\n<p>Eine Informationsbrosch\u00fcre \u00fcber Angebote der Evangelischen Kirche finden Sie <a href=\"https:\/\/www.kirche-neustadt.de\/wp-content\/uploads\/2016\/12\/Bestattung_Faltblatt_Druck_12288.pdf\" target=\"_blank\" rel=\"noopener noreferrer\">hier<\/a>.<\/p>\n<p><strong>Weitere Informationen<\/strong> \u00fcber die Themen Trauer und Bestat\u00adtung sowie Sterbe\u00adbe\u00adglei\u00adtung und Seel\u00adsorge finden Sie <a href=\"http:\/\/www.evlks.de\/kirche_fuer_einsteiger\/haeufig_gestellte_fragen\/1252.html\" target=\"_blank\" rel=\"noopener noreferrer\">hier<\/a>.<\/p>\n<\/div>\n","protected":false},"excerpt":{"rendered":"<p>Neuer Friedhof Neustadt in Sachsen Adresse: Bischofswerdaer Str. 44 01844 Neustadt in Sachsen Im Internet: https:\/\/www.neuerfriedhof.de\/ Friedhofsverwalter: Silvio Greif: 01525-6609930 Kontoverbindung f\u00fcr Friedhof: Bank f\u00fcr Kirche und Diakonie IBAN: DE 46 3506 0190 1620 8810 11 Informationsbrosch\u00fcre: Eine Informationsbrosch\u00fcre \u00fcber Angebote der Evangelischen Kirche finden Sie hier. Weitere Informationen \u00fcber die Themen Trauer und Bestat\u00adtung [&hellip;]<\/p>\n","protected":false},"author":3,"featured_media":0,"parent":6,"menu_order":0,"comment_status":"closed","ping_status":"closed","template":"","meta":{"_crdt_document":"","footnotes":""},"class_list":["post-1783","page","type-page","status-publish","hentry"],"_links":{"self":[{"href":"https:\/\/www.kirche-neustadt.de\/index.php?rest_route=\/wp\/v2\/pages\/1783","targetHints":{"allow":["GET"]}}],"collection":[{"href":"https:\/\/www.kirche-neustadt.de\/index.php?rest_route=\/wp\/v2\/pages"}],"about":[{"href":"https:\/\/www.kirche-neustadt.de\/index.php?rest_route=\/wp\/v2\/types\/page"}],"author":[{"embeddable":true,"href":"https:\/\/www.kirche-neustadt.de\/index.php?rest_route=\/wp\/v2\/users\/3"}],"replies":[{"embeddable":true,"href":"https:\/\/www.kirche-neustadt.de\/index.php?rest_route=%2Fwp%2Fv2%2Fcomments&post=1783"}],"version-history":[{"count":10,"href":"https:\/\/www.kirche-neustadt.de\/index.php?rest_route=\/wp\/v2\/pages\/1783\/revisions"}],"predecessor-version":[{"id":6366,"href":"https:\/\/www.kirche-neustadt.de\/index.php?rest_route=\/wp\/v2\/pages\/1783\/revisions\/6366"}],"up":[{"embeddable":true,"href":"https:\/\/www.kirche-neustadt.de\/index.php?rest_route=\/wp\/v2\/pages\/6"}],"wp:attachment":[{"href":"https:\/\/www.kirche-neustadt.de\/index.php?rest_route=%2Fwp%2Fv2%2Fmedia&parent=1783"}],"curies":[{"name":"wp","href":"https:\/\/api.w.org\/{rel}","templated":true}]}}