{"id":1781,"date":"2016-11-29T14:47:07","date_gmt":"2016-11-29T12:47:07","guid":{"rendered":"http:\/\/www.kirche-neustadt.de\/?page_id=1781"},"modified":"2020-05-19T14:50:52","modified_gmt":"2020-05-19T12:50:52","slug":"trauung","status":"publish","type":"page","link":"https:\/\/www.kirche-neustadt.de\/?page_id=1781","title":{"rendered":"Trauung"},"content":{"rendered":"<p>Wir freuen uns wenn Sie sich sich &#8222;trauen&#8220;! Vorausgesetzt wird bei jeder kirchlichen Trauung , dass die Ehe zuvor vor dem Standesamt geschlossen wird.<\/p>\n<p>Mit der feierlichen Trauung in der Kirche bekr\u00e4ftigen Sie vor Gott und der Gemeinde Ihren Entschluss, ein gemeinsames Leben in gegenseitiger Achtung und Hilfe f\u00fchren zu wollen. Sie stellen diese einzigartige Beziehung, aus der neues Gl\u00fcck erwachsen kann, unter Gottes Segen. Das Leben besteht nicht nur aus heiteren und unbeschwerten Tagen, umso besser ist es, wenn am Anfang eines gemeinsamen Lebens nicht nur ein Vertrag, sondern auch die im Glauben begr\u00fcndete Zuversicht auf Bewahrung und Schutz die Ehe&nbsp; begleitet.<\/p>\n<p>Bitte nehmen Sie mit den Pfarrern Kontakt auf.<\/p>\n<ul>\n<li>Ein Anmeldeformular f\u00fcr eine <strong>Trauung<\/strong> finden Sie <a href=\"https:\/\/www.kirche-neustadt.de\/wp-content\/uploads\/2017\/01\/Trauanmeldung.pdf\" target=\"_blank\" rel=\"noopener noreferrer\">hier<\/a>.<\/li>\n<li>Ein Anmeldeformular f\u00fcr einen <strong>Gottesdienst zur Eheschlie\u00dfung <\/strong>(ein Partner ist konfessionslos)<strong>&nbsp;<\/strong>finden Sie <a href=\"https:\/\/www.kirche-neustadt.de\/wp-content\/uploads\/2017\/01\/Gottesdienst_zur_Eheschliessung_Anmeldung.pdf\" target=\"_blank\" rel=\"noopener noreferrer\">hier<\/a>.<\/li>\n<li>Ein Anmeldeformular f\u00fcr Einsegnung zum <strong>Ehejubil\u00e4um&nbsp;<\/strong><a href=\"https:\/\/www.kirche-neustadt.de\/wp-content\/uploads\/2017\/01\/Anmeldung_Einsegnung_Ehejubilaeum.pdf\" target=\"_blank\" rel=\"noopener noreferrer\">hier<\/a>&nbsp;finden Sie .<\/li>\n<li>Weitere Informationen zur Trauung finden Sie <a href=\"http:\/\/www.evlks.de\/kirche_fuer_einsteiger\/haeufig_gestellte_fragen\/1255.html\" target=\"_blank\" rel=\"noopener noreferrer\">hier<\/a>.<\/li>\n<\/ul>\n","protected":false},"excerpt":{"rendered":"<p>Wir freuen uns wenn Sie sich sich &#8222;trauen&#8220;! Vorausgesetzt wird bei jeder kirchlichen Trauung , dass die Ehe zuvor vor dem Standesamt geschlossen wird. Mit der feierlichen Trauung in der Kirche bekr\u00e4ftigen Sie vor Gott und der Gemeinde Ihren Entschluss, ein gemeinsames Leben in gegenseitiger Achtung und Hilfe f\u00fchren zu wollen. Sie stellen diese einzigartige [&hellip;]<\/p>\n","protected":false},"author":3,"featured_media":0,"parent":6,"menu_order":0,"comment_status":"closed","ping_status":"closed","template":"","meta":{"_crdt_document":"","footnotes":""},"class_list":["post-1781","page","type-page","status-publish","hentry"],"_links":{"self":[{"href":"https:\/\/www.kirche-neustadt.de\/index.php?rest_route=\/wp\/v2\/pages\/1781","targetHints":{"allow":["GET"]}}],"collection":[{"href":"https:\/\/www.kirche-neustadt.de\/index.php?rest_route=\/wp\/v2\/pages"}],"about":[{"href":"https:\/\/www.kirche-neustadt.de\/index.php?rest_route=\/wp\/v2\/types\/page"}],"author":[{"embeddable":true,"href":"https:\/\/www.kirche-neustadt.de\/index.php?rest_route=\/wp\/v2\/users\/3"}],"replies":[{"embeddable":true,"href":"https:\/\/www.kirche-neustadt.de\/index.php?rest_route=%2Fwp%2Fv2%2Fcomments&post=1781"}],"version-history":[{"count":6,"href":"https:\/\/www.kirche-neustadt.de\/index.php?rest_route=\/wp\/v2\/pages\/1781\/revisions"}],"predecessor-version":[{"id":4882,"href":"https:\/\/www.kirche-neustadt.de\/index.php?rest_route=\/wp\/v2\/pages\/1781\/revisions\/4882"}],"up":[{"embeddable":true,"href":"https:\/\/www.kirche-neustadt.de\/index.php?rest_route=\/wp\/v2\/pages\/6"}],"wp:attachment":[{"href":"https:\/\/www.kirche-neustadt.de\/index.php?rest_route=%2Fwp%2Fv2%2Fmedia&parent=1781"}],"curies":[{"name":"wp","href":"https:\/\/api.w.org\/{rel}","templated":true}]}}