{"id":1739,"date":"2016-11-29T13:57:38","date_gmt":"2016-11-29T11:57:38","guid":{"rendered":"http:\/\/www.kirche-neustadt.de\/?page_id=1739"},"modified":"2025-07-27T11:30:02","modified_gmt":"2025-07-27T09:30:02","slug":"kirchenvorstand","status":"publish","type":"page","link":"https:\/\/www.kirche-neustadt.de\/?page_id=1739","title":{"rendered":"Kirchenvorstand"},"content":{"rendered":"<p>Der 2020 aus der Gemeinde gew\u00e4hlte Kirchenvorstand leitet die Gemeinde. Er besteht aus gew\u00e4hlten und berufenen Kirchenvorstehern und aus den Pfarrern der Gemeinde.<\/p>\n<h3>Aktuell geh\u00f6ren dem Kirchenvorstand an:<\/h3>\n<p>Carola Moddemann<\/p>\n<p>Elisabeth Mohr<\/p>\n<p>Gerold Schultze<\/p>\n<p>Hagen Renger<\/p>\n<p>Hannelore Scheffler<\/p>\n<p>Judith Finsterbusch<\/p>\n<p>Gunhild Eyssler<\/p>\n<p>Michael Schmidt (stellvertretender Vorsitzender)<\/p>\n<p>Matthias Mews<\/p>\n<p>Mechthild Kreuzahler<\/p>\n<p>Madlen Hartmann<\/p>\n<p>Pfr. S\u00f6ren Schellenberger (Vorsitzender)<\/p>\n<p>Theodor Krause<\/p>\n<p>Johannes Siegmund<\/p>\n<p>Hier finden Sie weitere Informationen zur <a href=\"http:\/\/www.evlks.de\/doc\/KV_2014_final_web.pdf\" target=\"_blank\" rel=\"noopener noreferrer\">Wahl<\/a> und zu den <a href=\"http:\/\/www.evlks.de\/landeskirche\/kirchgemeinden\/\" target=\"_blank\" rel=\"noopener noreferrer\">Strukturen<\/a>.<\/p>\n<h2><\/h2>\n","protected":false},"excerpt":{"rendered":"<p>Der 2020 aus der Gemeinde gew\u00e4hlte Kirchenvorstand leitet die Gemeinde. Er besteht aus gew\u00e4hlten und berufenen Kirchenvorstehern und aus den Pfarrern der Gemeinde. Aktuell geh\u00f6ren dem Kirchenvorstand an: Carola Moddemann Elisabeth Mohr Gerold Schultze Hagen Renger Hannelore Scheffler Judith Finsterbusch Gunhild Eyssler Michael Schmidt (stellvertretender Vorsitzender) Matthias Mews Mechthild Kreuzahler Madlen Hartmann Pfr. S\u00f6ren Schellenberger [&hellip;]<\/p>\n","protected":false},"author":3,"featured_media":0,"parent":6,"menu_order":0,"comment_status":"closed","ping_status":"closed","template":"","meta":{"_crdt_document":"","footnotes":""},"class_list":["post-1739","page","type-page","status-publish","hentry"],"_links":{"self":[{"href":"https:\/\/www.kirche-neustadt.de\/index.php?rest_route=\/wp\/v2\/pages\/1739","targetHints":{"allow":["GET"]}}],"collection":[{"href":"https:\/\/www.kirche-neustadt.de\/index.php?rest_route=\/wp\/v2\/pages"}],"about":[{"href":"https:\/\/www.kirche-neustadt.de\/index.php?rest_route=\/wp\/v2\/types\/page"}],"author":[{"embeddable":true,"href":"https:\/\/www.kirche-neustadt.de\/index.php?rest_route=\/wp\/v2\/users\/3"}],"replies":[{"embeddable":true,"href":"https:\/\/www.kirche-neustadt.de\/index.php?rest_route=%2Fwp%2Fv2%2Fcomments&post=1739"}],"version-history":[{"count":15,"href":"https:\/\/www.kirche-neustadt.de\/index.php?rest_route=\/wp\/v2\/pages\/1739\/revisions"}],"predecessor-version":[{"id":6739,"href":"https:\/\/www.kirche-neustadt.de\/index.php?rest_route=\/wp\/v2\/pages\/1739\/revisions\/6739"}],"up":[{"embeddable":true,"href":"https:\/\/www.kirche-neustadt.de\/index.php?rest_route=\/wp\/v2\/pages\/6"}],"wp:attachment":[{"href":"https:\/\/www.kirche-neustadt.de\/index.php?rest_route=%2Fwp%2Fv2%2Fmedia&parent=1739"}],"curies":[{"name":"wp","href":"https:\/\/api.w.org\/{rel}","templated":true}]}}